{"id":3345,"date":"2021-10-25T18:09:59","date_gmt":"2021-10-25T16:09:59","guid":{"rendered":"https:\/\/atelierdubourg.fr\/adb\/?post_type=product&#038;p=3345"},"modified":"2022-04-19T17:34:47","modified_gmt":"2022-04-19T15:34:47","slug":"cerf-dautomne-et-canard-de-bain","status":"publish","type":"product","link":"https:\/\/atelierdubourg.fr\/adb\/produit\/cerf-dautomne-et-canard-de-bain\/","title":{"rendered":"Cerf d&rsquo;automne et canard de bain &#8211; d\u00e9bardeur"},"content":{"rendered":"<p>D\u00e9bardeurs impression s\u00e9rigraphie 3 couleurs (brun, jaune, orange)<br \/>\nTailles S, M, L<br \/>\nCouleur blanc<br \/>\ntoute petite s\u00e9rie<br \/>\n\u2013<br \/>\nAnna Boulanger, 2021<\/p>\n","protected":false},"excerpt":{"rendered":"<p>D\u00e9bardeurs impression s\u00e9rigraphie 3 couleurs (brun, jaune, orange) Tailles S, M, L Couleur blanc toute petite s\u00e9rie \u2013 Anna Boulanger, 2021<\/p>\n","protected":false},"featured_media":3346,"template":"","meta":{"jetpack_post_was_ever_published":false,"jetpack_publicize_message":"","jetpack_is_tweetstorm":false,"jetpack_publicize_feature_enabled":true,"jetpack_social_post_already_shared":false,"jetpack_social_options":{"image_generator_settings":{"template":"highway","enabled":false}}},"product_cat":[40,36,85],"product_tag":[],"supplier_id":null,"supplier_sku":"","barcode":null,"atum_controlled":true,"out_stock_date":"2021-11-09 11:39:17","out_stock_threshold":null,"inheritable":true,"inbound_stock":0,"stock_on_hold":0,"sold_today":0,"sales_last_days":0,"reserved_stock":0,"customer_returns":0,"warehouse_damage":0,"lost_in_post":0,"other_logs":0,"out_stock_days":1620,"lost_sales":0,"has_location":false,"update_date":"2026-04-18T00:26:24","atum_locations":[],"atum_stock_status":"outofstock","restock_status":false,"low_stock_amount":1,"sales_update_date":"2026-04-18T00:26:24","calc_backorders":null,"jetpack_publicize_connections":[],"acf":[],"yoast_head":"<!-- This site is optimized with the Yoast SEO plugin v20.6 - https:\/\/yoast.com\/wordpress\/plugins\/seo\/ -->\n<title>Cerf d&#039;automne et canard de bain - d\u00e9bardeur - L&#039;Atelier du Bourg<\/title>\n<meta name=\"robots\" content=\"index, follow, max-snippet:-1, max-image-preview:large, max-video-preview:-1\" \/>\n<link rel=\"canonical\" href=\"https:\/\/atelierdubourg.fr\/adb\/produit\/cerf-dautomne-et-canard-de-bain\/\" \/>\n<meta property=\"og:locale\" content=\"fr_FR\" \/>\n<meta property=\"og:type\" content=\"article\" \/>\n<meta property=\"og:title\" content=\"Cerf d&#039;automne et canard de bain - d\u00e9bardeur - L&#039;Atelier du Bourg\" \/>\n<meta property=\"og:description\" content=\"D\u00e9bardeurs impression s\u00e9rigraphie 3 couleurs (brun, jaune, orange) Tailles S, M, L Couleur blanc toute petite s\u00e9rie \u2013 Anna Boulanger, 2021\" \/>\n<meta property=\"og:url\" content=\"https:\/\/atelierdubourg.fr\/adb\/produit\/cerf-dautomne-et-canard-de-bain\/\" \/>\n<meta property=\"og:site_name\" content=\"L&#039;Atelier du Bourg\" \/>\n<meta property=\"article:modified_time\" content=\"2022-04-19T15:34:47+00:00\" \/>\n<meta property=\"og:image\" content=\"https:\/\/atelierdubourg.fr\/adb\/wp-content\/uploads\/2021\/10\/de\u0301bardeur-cerf-sur-planche-de-bois-scaled.jpg\" \/>\n\t<meta property=\"og:image:width\" content=\"1920\" \/>\n\t<meta property=\"og:image:height\" content=\"2560\" \/>\n\t<meta property=\"og:image:type\" content=\"image\/jpeg\" \/>\n<meta name=\"twitter:card\" content=\"summary_large_image\" \/>\n<script type=\"application\/ld+json\" class=\"yoast-schema-graph\">{\"@context\":\"https:\/\/schema.org\",\"@graph\":[{\"@type\":\"WebPage\",\"@id\":\"https:\/\/atelierdubourg.fr\/adb\/produit\/cerf-dautomne-et-canard-de-bain\/\",\"url\":\"https:\/\/atelierdubourg.fr\/adb\/produit\/cerf-dautomne-et-canard-de-bain\/\",\"name\":\"Cerf d'automne et canard de bain - d\u00e9bardeur - L&#039;Atelier du Bourg\",\"isPartOf\":{\"@id\":\"https:\/\/atelierdubourg.fr\/adb\/#website\"},\"datePublished\":\"2021-10-25T16:09:59+00:00\",\"dateModified\":\"2022-04-19T15:34:47+00:00\",\"breadcrumb\":{\"@id\":\"https:\/\/atelierdubourg.fr\/adb\/produit\/cerf-dautomne-et-canard-de-bain\/#breadcrumb\"},\"inLanguage\":\"fr-FR\",\"potentialAction\":[{\"@type\":\"ReadAction\",\"target\":[\"https:\/\/atelierdubourg.fr\/adb\/produit\/cerf-dautomne-et-canard-de-bain\/\"]}]},{\"@type\":\"BreadcrumbList\",\"@id\":\"https:\/\/atelierdubourg.fr\/adb\/produit\/cerf-dautomne-et-canard-de-bain\/#breadcrumb\",\"itemListElement\":[{\"@type\":\"ListItem\",\"position\":1,\"name\":\"Accueil\",\"item\":\"https:\/\/atelierdubourg.fr\/adb\/\"},{\"@type\":\"ListItem\",\"position\":2,\"name\":\"\u00c9ditions d&rsquo;artiste\",\"item\":\"https:\/\/atelierdubourg.fr\/adb\/boutique\/\"},{\"@type\":\"ListItem\",\"position\":3,\"name\":\"Cerf d&rsquo;automne et canard de bain &#8211; d\u00e9bardeur\"}]},{\"@type\":\"WebSite\",\"@id\":\"https:\/\/atelierdubourg.fr\/adb\/#website\",\"url\":\"https:\/\/atelierdubourg.fr\/adb\/\",\"name\":\"L&#039;Atelier du Bourg\",\"description\":\"l&#039;Atelier du Bourg\",\"potentialAction\":[{\"@type\":\"SearchAction\",\"target\":{\"@type\":\"EntryPoint\",\"urlTemplate\":\"https:\/\/atelierdubourg.fr\/adb\/?s={search_term_string}\"},\"query-input\":\"required name=search_term_string\"}],\"inLanguage\":\"fr-FR\"}]}<\/script>\n<!-- \/ Yoast SEO plugin. -->","yoast_head_json":{"title":"Cerf d'automne et canard de bain - d\u00e9bardeur - L&#039;Atelier du Bourg","robots":{"index":"index","follow":"follow","max-snippet":"max-snippet:-1","max-image-preview":"max-image-preview:large","max-video-preview":"max-video-preview:-1"},"canonical":"https:\/\/atelierdubourg.fr\/adb\/produit\/cerf-dautomne-et-canard-de-bain\/","og_locale":"fr_FR","og_type":"article","og_title":"Cerf d'automne et canard de bain - d\u00e9bardeur - L&#039;Atelier du Bourg","og_description":"D\u00e9bardeurs impression s\u00e9rigraphie 3 couleurs (brun, jaune, orange) Tailles S, M, L Couleur blanc toute petite s\u00e9rie \u2013 Anna Boulanger, 2021","og_url":"https:\/\/atelierdubourg.fr\/adb\/produit\/cerf-dautomne-et-canard-de-bain\/","og_site_name":"L&#039;Atelier du Bourg","article_modified_time":"2022-04-19T15:34:47+00:00","og_image":[{"width":1920,"height":2560,"url":"https:\/\/atelierdubourg.fr\/adb\/wp-content\/uploads\/2021\/10\/de\u0301bardeur-cerf-sur-planche-de-bois-scaled.jpg","type":"image\/jpeg"}],"twitter_card":"summary_large_image","schema":{"@context":"https:\/\/schema.org","@graph":[{"@type":"WebPage","@id":"https:\/\/atelierdubourg.fr\/adb\/produit\/cerf-dautomne-et-canard-de-bain\/","url":"https:\/\/atelierdubourg.fr\/adb\/produit\/cerf-dautomne-et-canard-de-bain\/","name":"Cerf d'automne et canard de bain - d\u00e9bardeur - L&#039;Atelier du Bourg","isPartOf":{"@id":"https:\/\/atelierdubourg.fr\/adb\/#website"},"datePublished":"2021-10-25T16:09:59+00:00","dateModified":"2022-04-19T15:34:47+00:00","breadcrumb":{"@id":"https:\/\/atelierdubourg.fr\/adb\/produit\/cerf-dautomne-et-canard-de-bain\/#breadcrumb"},"inLanguage":"fr-FR","potentialAction":[{"@type":"ReadAction","target":["https:\/\/atelierdubourg.fr\/adb\/produit\/cerf-dautomne-et-canard-de-bain\/"]}]},{"@type":"BreadcrumbList","@id":"https:\/\/atelierdubourg.fr\/adb\/produit\/cerf-dautomne-et-canard-de-bain\/#breadcrumb","itemListElement":[{"@type":"ListItem","position":1,"name":"Accueil","item":"https:\/\/atelierdubourg.fr\/adb\/"},{"@type":"ListItem","position":2,"name":"\u00c9ditions d&rsquo;artiste","item":"https:\/\/atelierdubourg.fr\/adb\/boutique\/"},{"@type":"ListItem","position":3,"name":"Cerf d&rsquo;automne et canard de bain &#8211; d\u00e9bardeur"}]},{"@type":"WebSite","@id":"https:\/\/atelierdubourg.fr\/adb\/#website","url":"https:\/\/atelierdubourg.fr\/adb\/","name":"L&#039;Atelier du Bourg","description":"l&#039;Atelier du Bourg","potentialAction":[{"@type":"SearchAction","target":{"@type":"EntryPoint","urlTemplate":"https:\/\/atelierdubourg.fr\/adb\/?s={search_term_string}"},"query-input":"required name=search_term_string"}],"inLanguage":"fr-FR"}]}},"jetpack_sharing_enabled":true,"_links":{"self":[{"href":"https:\/\/atelierdubourg.fr\/adb\/wp-json\/wp\/v2\/product\/3345"}],"collection":[{"href":"https:\/\/atelierdubourg.fr\/adb\/wp-json\/wp\/v2\/product"}],"about":[{"href":"https:\/\/atelierdubourg.fr\/adb\/wp-json\/wp\/v2\/types\/product"}],"wp:featuredmedia":[{"embeddable":true,"href":"https:\/\/atelierdubourg.fr\/adb\/wp-json\/wp\/v2\/media\/3346"}],"wp:attachment":[{"href":"https:\/\/atelierdubourg.fr\/adb\/wp-json\/wp\/v2\/media?parent=3345"}],"wp:term":[{"taxonomy":"product_cat","embeddable":true,"href":"https:\/\/atelierdubourg.fr\/adb\/wp-json\/wp\/v2\/product_cat?post=3345"},{"taxonomy":"product_tag","embeddable":true,"href":"https:\/\/atelierdubourg.fr\/adb\/wp-json\/wp\/v2\/product_tag?post=3345"}],"curies":[{"name":"wp","href":"https:\/\/api.w.org\/{rel}","templated":true}]}}