{"id":3551,"date":"2022-09-14T14:22:01","date_gmt":"2022-09-14T12:22:01","guid":{"rendered":"https:\/\/atelierdubourg.fr\/adb\/?post_type=product&#038;p=3551"},"modified":"2024-05-23T15:13:02","modified_gmt":"2024-05-23T13:13:02","slug":"fanzine-cinema-de-5-a-7","status":"publish","type":"product","link":"https:\/\/atelierdubourg.fr\/adb\/produit\/fanzine-cinema-de-5-a-7\/","title":{"rendered":"Fanzine Cin\u00e9ma, de 5 \u00e0 7"},"content":{"rendered":"<p>24 pages + poster + stickers<br \/>\nFormat 18,7*26 cm<br \/>\n\u00c9dition imprim\u00e9e en 100 exemplaires<br \/>\n\u2013<br \/>\nPapiers: Munken Print Cream 80gr (pages int\u00e9rieures); Munken Munken Pure Rought 150gr (couverture); Munken Munken Lynx 90gr (Poster); Ritrama Velin Blanc 80gr (stickers)<br \/>\nImpression en risographie<br \/>\n+ 1 posters typographiques 29,7*42 cm<br \/>\n+ 7 stickers<br \/>\n\u2013<br \/>\nL&rsquo;Atelier du Bourg, 2022<br \/>\nAnthony Folliard<\/p>\n<p>Cette micro-\u00e9dition a \u00e9t\u00e9 con\u00e7ue avec les \u00e9l\u00e8ves de la classe de 5<sup>e<\/sup>7 projet cin\u00e9ma du coll\u00e8ge des Hautes Ourmes \u00e0 Rennes, et r\u00e9alis\u00e9e par l&rsquo;artiste Anthony Folliard, dans le cadre de la r\u00e9sidence \u00ab\u00a0Le cin\u00e9ma en revue: journal de bord \u00e9crit et sonore\u00a0\u00bb propos\u00e9 par l&rsquo;association Clair Obscur.<\/p>\n<p>Tir\u00e9 \u00e0 100 exemplaires et achev\u00e9 d&rsquo;imprimer par H\u00f4tel L\u00e9on, un atelier de risographie pilot\u00e9 par \u00c9l\u00e9onore H\u00e9riss\u00e9.<\/p>\n","protected":false},"excerpt":{"rendered":"<p>\u00c9dition en risographie<br \/>\n24 pages + poster + stickers<br \/>\nFormat 18,7*26 cm<br \/>\nImprim\u00e9e en 100 exemplaires<\/p>\n","protected":false},"featured_media":3569,"template":"","meta":{"jetpack_post_was_ever_published":false,"jetpack_publicize_message":"","jetpack_is_tweetstorm":false,"jetpack_publicize_feature_enabled":true,"jetpack_social_post_already_shared":true,"jetpack_social_options":{"image_generator_settings":{"template":"highway","enabled":false}}},"product_cat":[39,82,81,100],"product_tag":[],"supplier_id":null,"supplier_sku":"","barcode":null,"atum_controlled":true,"out_stock_date":null,"out_stock_threshold":null,"inheritable":false,"inbound_stock":0,"stock_on_hold":0,"sold_today":0,"sales_last_days":0,"reserved_stock":0,"customer_returns":0,"warehouse_damage":0,"lost_in_post":0,"other_logs":0,"out_stock_days":0,"lost_sales":0,"has_location":false,"update_date":"2026-05-07T00:46:07","atum_locations":[],"atum_stock_status":"instock","restock_status":false,"low_stock_amount":"","sales_update_date":"2026-05-07T00:46:07","calc_backorders":null,"jetpack_publicize_connections":[],"acf":[],"yoast_head":"<!-- This site is optimized with the Yoast SEO plugin v20.6 - https:\/\/yoast.com\/wordpress\/plugins\/seo\/ -->\n<title>Fanzine Cin\u00e9ma, de 5 \u00e0 7 - L&#039;Atelier du Bourg<\/title>\n<meta name=\"description\" content=\"Journal, 24 pages, format 18,7*26 cm, 100 exemplaires, Anthony Folliard, 2022\" \/>\n<meta name=\"robots\" content=\"index, follow, max-snippet:-1, max-image-preview:large, max-video-preview:-1\" \/>\n<link rel=\"canonical\" href=\"https:\/\/atelierdubourg.fr\/adb\/produit\/fanzine-cinema-de-5-a-7\/\" \/>\n<meta property=\"og:locale\" content=\"fr_FR\" \/>\n<meta property=\"og:type\" content=\"article\" \/>\n<meta property=\"og:title\" content=\"Fanzine Cin\u00e9ma, de 5 \u00e0 7 - L&#039;Atelier du Bourg\" \/>\n<meta property=\"og:description\" content=\"Journal, 24 pages, format 18,7*26 cm, 100 exemplaires, Anthony Folliard, 2022\" \/>\n<meta property=\"og:url\" content=\"https:\/\/atelierdubourg.fr\/adb\/produit\/fanzine-cinema-de-5-a-7\/\" \/>\n<meta property=\"og:site_name\" content=\"L&#039;Atelier du Bourg\" \/>\n<meta property=\"article:modified_time\" content=\"2024-05-23T13:13:02+00:00\" \/>\n<meta property=\"og:image\" content=\"https:\/\/atelierdubourg.fr\/adb\/wp-content\/uploads\/2022\/09\/Cine\u0301zine-_-ANTHONY-_-couverture-748x1024.jpg\" \/>\n\t<meta property=\"og:image:width\" content=\"748\" \/>\n\t<meta property=\"og:image:height\" content=\"1024\" \/>\n\t<meta property=\"og:image:type\" content=\"image\/jpeg\" \/>\n<meta name=\"twitter:card\" content=\"summary_large_image\" \/>\n<meta name=\"twitter:label1\" content=\"Dur\u00e9e de lecture estim\u00e9e\" \/>\n\t<meta name=\"twitter:data1\" content=\"1 minute\" \/>\n<script type=\"application\/ld+json\" class=\"yoast-schema-graph\">{\"@context\":\"https:\/\/schema.org\",\"@graph\":[{\"@type\":\"WebPage\",\"@id\":\"https:\/\/atelierdubourg.fr\/adb\/produit\/fanzine-cinema-de-5-a-7\/\",\"url\":\"https:\/\/atelierdubourg.fr\/adb\/produit\/fanzine-cinema-de-5-a-7\/\",\"name\":\"Fanzine Cin\u00e9ma, de 5 \u00e0 7 - L&#039;Atelier du Bourg\",\"isPartOf\":{\"@id\":\"https:\/\/atelierdubourg.fr\/adb\/#website\"},\"datePublished\":\"2022-09-14T12:22:01+00:00\",\"dateModified\":\"2024-05-23T13:13:02+00:00\",\"description\":\"Journal, 24 pages, format 18,7*26 cm, 100 exemplaires, Anthony Folliard, 2022\",\"breadcrumb\":{\"@id\":\"https:\/\/atelierdubourg.fr\/adb\/produit\/fanzine-cinema-de-5-a-7\/#breadcrumb\"},\"inLanguage\":\"fr-FR\",\"potentialAction\":[{\"@type\":\"ReadAction\",\"target\":[\"https:\/\/atelierdubourg.fr\/adb\/produit\/fanzine-cinema-de-5-a-7\/\"]}]},{\"@type\":\"BreadcrumbList\",\"@id\":\"https:\/\/atelierdubourg.fr\/adb\/produit\/fanzine-cinema-de-5-a-7\/#breadcrumb\",\"itemListElement\":[{\"@type\":\"ListItem\",\"position\":1,\"name\":\"Accueil\",\"item\":\"https:\/\/atelierdubourg.fr\/adb\/\"},{\"@type\":\"ListItem\",\"position\":2,\"name\":\"\u00c9ditions d&rsquo;artiste\",\"item\":\"https:\/\/atelierdubourg.fr\/adb\/boutique\/\"},{\"@type\":\"ListItem\",\"position\":3,\"name\":\"Fanzine Cin\u00e9ma, de 5 \u00e0 7\"}]},{\"@type\":\"WebSite\",\"@id\":\"https:\/\/atelierdubourg.fr\/adb\/#website\",\"url\":\"https:\/\/atelierdubourg.fr\/adb\/\",\"name\":\"L&#039;Atelier du Bourg\",\"description\":\"l&#039;Atelier du Bourg\",\"potentialAction\":[{\"@type\":\"SearchAction\",\"target\":{\"@type\":\"EntryPoint\",\"urlTemplate\":\"https:\/\/atelierdubourg.fr\/adb\/?s={search_term_string}\"},\"query-input\":\"required name=search_term_string\"}],\"inLanguage\":\"fr-FR\"}]}<\/script>\n<!-- \/ Yoast SEO plugin. -->","yoast_head_json":{"title":"Fanzine Cin\u00e9ma, de 5 \u00e0 7 - L&#039;Atelier du Bourg","description":"Journal, 24 pages, format 18,7*26 cm, 100 exemplaires, Anthony Folliard, 2022","robots":{"index":"index","follow":"follow","max-snippet":"max-snippet:-1","max-image-preview":"max-image-preview:large","max-video-preview":"max-video-preview:-1"},"canonical":"https:\/\/atelierdubourg.fr\/adb\/produit\/fanzine-cinema-de-5-a-7\/","og_locale":"fr_FR","og_type":"article","og_title":"Fanzine Cin\u00e9ma, de 5 \u00e0 7 - L&#039;Atelier du Bourg","og_description":"Journal, 24 pages, format 18,7*26 cm, 100 exemplaires, Anthony Folliard, 2022","og_url":"https:\/\/atelierdubourg.fr\/adb\/produit\/fanzine-cinema-de-5-a-7\/","og_site_name":"L&#039;Atelier du Bourg","article_modified_time":"2024-05-23T13:13:02+00:00","og_image":[{"width":748,"height":1024,"url":"https:\/\/atelierdubourg.fr\/adb\/wp-content\/uploads\/2022\/09\/Cine\u0301zine-_-ANTHONY-_-couverture-748x1024.jpg","type":"image\/jpeg"}],"twitter_card":"summary_large_image","twitter_misc":{"Dur\u00e9e de lecture estim\u00e9e":"1 minute"},"schema":{"@context":"https:\/\/schema.org","@graph":[{"@type":"WebPage","@id":"https:\/\/atelierdubourg.fr\/adb\/produit\/fanzine-cinema-de-5-a-7\/","url":"https:\/\/atelierdubourg.fr\/adb\/produit\/fanzine-cinema-de-5-a-7\/","name":"Fanzine Cin\u00e9ma, de 5 \u00e0 7 - L&#039;Atelier du Bourg","isPartOf":{"@id":"https:\/\/atelierdubourg.fr\/adb\/#website"},"datePublished":"2022-09-14T12:22:01+00:00","dateModified":"2024-05-23T13:13:02+00:00","description":"Journal, 24 pages, format 18,7*26 cm, 100 exemplaires, Anthony Folliard, 2022","breadcrumb":{"@id":"https:\/\/atelierdubourg.fr\/adb\/produit\/fanzine-cinema-de-5-a-7\/#breadcrumb"},"inLanguage":"fr-FR","potentialAction":[{"@type":"ReadAction","target":["https:\/\/atelierdubourg.fr\/adb\/produit\/fanzine-cinema-de-5-a-7\/"]}]},{"@type":"BreadcrumbList","@id":"https:\/\/atelierdubourg.fr\/adb\/produit\/fanzine-cinema-de-5-a-7\/#breadcrumb","itemListElement":[{"@type":"ListItem","position":1,"name":"Accueil","item":"https:\/\/atelierdubourg.fr\/adb\/"},{"@type":"ListItem","position":2,"name":"\u00c9ditions d&rsquo;artiste","item":"https:\/\/atelierdubourg.fr\/adb\/boutique\/"},{"@type":"ListItem","position":3,"name":"Fanzine Cin\u00e9ma, de 5 \u00e0 7"}]},{"@type":"WebSite","@id":"https:\/\/atelierdubourg.fr\/adb\/#website","url":"https:\/\/atelierdubourg.fr\/adb\/","name":"L&#039;Atelier du Bourg","description":"l&#039;Atelier du Bourg","potentialAction":[{"@type":"SearchAction","target":{"@type":"EntryPoint","urlTemplate":"https:\/\/atelierdubourg.fr\/adb\/?s={search_term_string}"},"query-input":"required name=search_term_string"}],"inLanguage":"fr-FR"}]}},"jetpack_sharing_enabled":true,"_links":{"self":[{"href":"https:\/\/atelierdubourg.fr\/adb\/wp-json\/wp\/v2\/product\/3551"}],"collection":[{"href":"https:\/\/atelierdubourg.fr\/adb\/wp-json\/wp\/v2\/product"}],"about":[{"href":"https:\/\/atelierdubourg.fr\/adb\/wp-json\/wp\/v2\/types\/product"}],"wp:featuredmedia":[{"embeddable":true,"href":"https:\/\/atelierdubourg.fr\/adb\/wp-json\/wp\/v2\/media\/3569"}],"wp:attachment":[{"href":"https:\/\/atelierdubourg.fr\/adb\/wp-json\/wp\/v2\/media?parent=3551"}],"wp:term":[{"taxonomy":"product_cat","embeddable":true,"href":"https:\/\/atelierdubourg.fr\/adb\/wp-json\/wp\/v2\/product_cat?post=3551"},{"taxonomy":"product_tag","embeddable":true,"href":"https:\/\/atelierdubourg.fr\/adb\/wp-json\/wp\/v2\/product_tag?post=3551"}],"curies":[{"name":"wp","href":"https:\/\/api.w.org\/{rel}","templated":true}]}}