{"id":3686,"date":"2022-10-17T17:23:01","date_gmt":"2022-10-17T15:23:01","guid":{"rendered":"https:\/\/atelierdubourg.fr\/adb\/?post_type=product&#038;p=3686"},"modified":"2026-03-06T06:08:36","modified_gmt":"2026-03-06T05:08:36","slug":"les-mains-sales","status":"publish","type":"product","link":"https:\/\/atelierdubourg.fr\/adb\/produit\/les-mains-sales\/","title":{"rendered":"LES MAINS SALES"},"content":{"rendered":"<p><a href=\"http:\/\/www.lemarchenoir.org\/new\/editions\/\" target=\"_blank\" rel=\"noopener\">\u00c9ditions Le March\u00e9 Noir<\/a>, oct. 2022<br \/>\nFormat 20*26 cm \u2014 204 pages<br \/>\nDouble-couverture +\u00a0reliure en couture apparente + jaquette avec rabat<br \/>\nTirage limit\u00e9 \u00e0 1000 exemplaires<\/p>\n<p>&nbsp;<\/p>\n<p>L\u2019ouvrage \u00ab <i>Les Mains sales, les arts imprim\u00e9s \u00e0 l\u2019ouvrage \u00bb<\/i> propose un voyage in\u00e9dit dans le quotidien des artistes qui abordent l\u2019<strong>impression artisanale<\/strong> comme un <strong>m\u00e9dium de cr\u00e9ation<\/strong> : gravure, s\u00e9rigraphie, typo, offset, etc. En prenant \u00e0 t\u00e9moins, en textes et en images, <strong>42 artistes dont 13 collectifs<\/strong>, un auteur-\u00e9diteur et une imprimerie coop\u00e9rative, \u00ab Les Mains sales \u00bb donne la parole \u00e0 un microcosme foisonnant et passionnant, souvent encore m\u00e9connu du grand public.<\/p>\n<p>Retrouvez \u00e9galement l&rsquo;ouvrage en <strong>vente directe<\/strong> \u00e0 l&rsquo;atelier du March\u00e9 Noir : 11 rue de Flandre \u2014 Rennes<br \/>\nContact : <span style=\"text-decoration: underline;\"><a href=\"mailto:editions@lemarchenoir.org\">editions@lemarchenoir.org<\/a><\/span><\/p>\n<p>&nbsp;<\/p>\n<p>Projet \u00e0 but non-lucratif, auto-financ\u00e9 et publi\u00e9 par les \u00c9ditions Le March\u00e9 Noir<br \/>\nOuvrage imprim\u00e9 \u00e0 Rennes sur les presses de M\u00e9dia Graphic en juin 2022, en partenariat avec Fedrigoni, papetier italien sp\u00e9cialis\u00e9 dans le papier haut de gamme. Reliure en couture apparente r\u00e9alis\u00e9e par Cl\u00e9ment Fa\u00e7onnages \u00e0 Nancy.<\/p>\n<p><strong>Artistes, auteurs et collectifs invit\u00e9s :<\/strong><br \/>\nBelgique \u2192 Olivier Deprez \u2022 Les Concasseurs \u2022 Les Tontons Racleurs<br \/>\nNord-est \u2192 Affiche Moilkan \u2022 Sophie L\u00e9cuyer \u2022 Sabordage<br \/>\nSud-est \u2192 Draw Draw \u2022 Olivier Desprez \u2022 Les Dompteurs de Papier \u2022 L\u2019\u00c9pluche-doigts \u2022 Phileas Dog Corporation \u2022 Sabordage \u2022 Super Terrain<br \/>\nNord-ouest \u2192 L\u2019Atelier du Bourg \u2022 L\u2019Atelier Barbe \u00e0 Papier \u2022 Atelier Bingo \u2022 Katja Bot \u2022 Les Concasseurs \u2022 Atelier L\u2019Imprimerie \u2022 Boris Jacobek \u2022 J\u00e9r\u00f4me Maillet \u2022 Le March\u00e9 Noir \u2022 Atelier McClane \u2022 La Presse Pur\u00e9e \u2022 Super Terrain<\/p>\n","protected":false},"excerpt":{"rendered":"<p><em>Les arts imprim\u00e9s \u00e0 l&rsquo;ouvrage<\/em><br \/>\nLivre 20*26 cm \u2014 204 pages \u2014 impression offset<br \/>\n<a href=\"http:\/\/www.lemarchenoir.org\/new\/editions\/\" target=\"_blank\" rel=\"noopener\">\u00c9ditions Le March\u00e9 Noir<\/a>, oct. 2022<br \/>\nTirage limit\u00e9 \u00e0 1000 exemplaires.<\/p>\n","protected":false},"featured_media":3721,"template":"","meta":{"jetpack_post_was_ever_published":false,"jetpack_publicize_message":"","jetpack_is_tweetstorm":false,"jetpack_publicize_feature_enabled":true,"jetpack_social_post_already_shared":true,"jetpack_social_options":{"image_generator_settings":{"template":"highway","enabled":false}}},"product_cat":[103,102,82,104,36,105],"product_tag":[],"supplier_id":null,"supplier_sku":"","barcode":null,"atum_controlled":true,"out_stock_date":null,"out_stock_threshold":null,"inheritable":false,"inbound_stock":0,"stock_on_hold":1,"sold_today":0,"sales_last_days":0,"reserved_stock":0,"customer_returns":0,"warehouse_damage":0,"lost_in_post":0,"other_logs":0,"out_stock_days":0,"lost_sales":0,"has_location":false,"update_date":"2026-05-16T00:08:48","atum_locations":[],"atum_stock_status":"instock","restock_status":false,"low_stock_amount":"","sales_update_date":"2026-05-16T00:08:48","calc_backorders":null,"jetpack_publicize_connections":[],"acf":[],"yoast_head":"<!-- This site is optimized with the Yoast SEO plugin v20.6 - https:\/\/yoast.com\/wordpress\/plugins\/seo\/ -->\n<title>LES MAINS SALES<\/title>\n<meta name=\"description\" content=\"\u00c9ditions Le March\u00e9 Noir, oct. 2022. Un voyage in\u00e9dit dans l&#039;univers des arts imprim\u00e9s et de la micro-\u00e9dition ind\u00e9pendante. Tirage limit\u00e9 \u00e0 1000 exemplaires.\" \/>\n<meta name=\"robots\" content=\"index, follow, max-snippet:-1, max-image-preview:large, max-video-preview:-1\" \/>\n<link rel=\"canonical\" href=\"https:\/\/atelierdubourg.fr\/adb\/produit\/les-mains-sales\/\" \/>\n<meta property=\"og:locale\" content=\"fr_FR\" \/>\n<meta property=\"og:type\" content=\"article\" \/>\n<meta property=\"og:title\" content=\"LES MAINS SALES\" \/>\n<meta property=\"og:description\" content=\"\u00c9ditions Le March\u00e9 Noir, oct. 2022. Un voyage in\u00e9dit dans l&#039;univers des arts imprim\u00e9s et de la micro-\u00e9dition ind\u00e9pendante. Tirage limit\u00e9 \u00e0 1000 exemplaires.\" \/>\n<meta property=\"og:url\" content=\"https:\/\/atelierdubourg.fr\/adb\/produit\/les-mains-sales\/\" \/>\n<meta property=\"og:site_name\" content=\"L&#039;Atelier du Bourg\" \/>\n<meta property=\"article:modified_time\" content=\"2026-03-06T05:08:36+00:00\" \/>\n<meta property=\"og:image\" content=\"https:\/\/atelierdubourg.fr\/adb\/wp-content\/uploads\/2022\/10\/LES-MAINS-SALES_Mockup_001-WEB-VERTICAL.jpg\" \/>\n\t<meta property=\"og:image:width\" content=\"896\" \/>\n\t<meta property=\"og:image:height\" content=\"1127\" \/>\n\t<meta property=\"og:image:type\" content=\"image\/jpeg\" \/>\n<meta name=\"twitter:card\" content=\"summary_large_image\" \/>\n<meta name=\"twitter:label1\" content=\"Dur\u00e9e de lecture estim\u00e9e\" \/>\n\t<meta name=\"twitter:data1\" content=\"2 minutes\" \/>\n<script type=\"application\/ld+json\" class=\"yoast-schema-graph\">{\"@context\":\"https:\/\/schema.org\",\"@graph\":[{\"@type\":\"WebPage\",\"@id\":\"https:\/\/atelierdubourg.fr\/adb\/produit\/les-mains-sales\/\",\"url\":\"https:\/\/atelierdubourg.fr\/adb\/produit\/les-mains-sales\/\",\"name\":\"LES MAINS SALES\",\"isPartOf\":{\"@id\":\"https:\/\/atelierdubourg.fr\/adb\/#website\"},\"datePublished\":\"2022-10-17T15:23:01+00:00\",\"dateModified\":\"2026-03-06T05:08:36+00:00\",\"description\":\"\u00c9ditions Le March\u00e9 Noir, oct. 2022. Un voyage in\u00e9dit dans l'univers des arts imprim\u00e9s et de la micro-\u00e9dition ind\u00e9pendante. Tirage limit\u00e9 \u00e0 1000 exemplaires.\",\"breadcrumb\":{\"@id\":\"https:\/\/atelierdubourg.fr\/adb\/produit\/les-mains-sales\/#breadcrumb\"},\"inLanguage\":\"fr-FR\",\"potentialAction\":[{\"@type\":\"ReadAction\",\"target\":[\"https:\/\/atelierdubourg.fr\/adb\/produit\/les-mains-sales\/\"]}]},{\"@type\":\"BreadcrumbList\",\"@id\":\"https:\/\/atelierdubourg.fr\/adb\/produit\/les-mains-sales\/#breadcrumb\",\"itemListElement\":[{\"@type\":\"ListItem\",\"position\":1,\"name\":\"Accueil\",\"item\":\"https:\/\/atelierdubourg.fr\/adb\/\"},{\"@type\":\"ListItem\",\"position\":2,\"name\":\"\u00c9ditions d&rsquo;artiste\",\"item\":\"https:\/\/atelierdubourg.fr\/adb\/boutique\/\"},{\"@type\":\"ListItem\",\"position\":3,\"name\":\"LES MAINS SALES\"}]},{\"@type\":\"WebSite\",\"@id\":\"https:\/\/atelierdubourg.fr\/adb\/#website\",\"url\":\"https:\/\/atelierdubourg.fr\/adb\/\",\"name\":\"L&#039;Atelier du Bourg\",\"description\":\"l&#039;Atelier du Bourg\",\"potentialAction\":[{\"@type\":\"SearchAction\",\"target\":{\"@type\":\"EntryPoint\",\"urlTemplate\":\"https:\/\/atelierdubourg.fr\/adb\/?s={search_term_string}\"},\"query-input\":\"required name=search_term_string\"}],\"inLanguage\":\"fr-FR\"}]}<\/script>\n<!-- \/ Yoast SEO plugin. -->","yoast_head_json":{"title":"LES MAINS SALES","description":"\u00c9ditions Le March\u00e9 Noir, oct. 2022. Un voyage in\u00e9dit dans l'univers des arts imprim\u00e9s et de la micro-\u00e9dition ind\u00e9pendante. Tirage limit\u00e9 \u00e0 1000 exemplaires.","robots":{"index":"index","follow":"follow","max-snippet":"max-snippet:-1","max-image-preview":"max-image-preview:large","max-video-preview":"max-video-preview:-1"},"canonical":"https:\/\/atelierdubourg.fr\/adb\/produit\/les-mains-sales\/","og_locale":"fr_FR","og_type":"article","og_title":"LES MAINS SALES","og_description":"\u00c9ditions Le March\u00e9 Noir, oct. 2022. Un voyage in\u00e9dit dans l'univers des arts imprim\u00e9s et de la micro-\u00e9dition ind\u00e9pendante. Tirage limit\u00e9 \u00e0 1000 exemplaires.","og_url":"https:\/\/atelierdubourg.fr\/adb\/produit\/les-mains-sales\/","og_site_name":"L&#039;Atelier du Bourg","article_modified_time":"2026-03-06T05:08:36+00:00","og_image":[{"width":896,"height":1127,"url":"https:\/\/atelierdubourg.fr\/adb\/wp-content\/uploads\/2022\/10\/LES-MAINS-SALES_Mockup_001-WEB-VERTICAL.jpg","type":"image\/jpeg"}],"twitter_card":"summary_large_image","twitter_misc":{"Dur\u00e9e de lecture estim\u00e9e":"2 minutes"},"schema":{"@context":"https:\/\/schema.org","@graph":[{"@type":"WebPage","@id":"https:\/\/atelierdubourg.fr\/adb\/produit\/les-mains-sales\/","url":"https:\/\/atelierdubourg.fr\/adb\/produit\/les-mains-sales\/","name":"LES MAINS SALES","isPartOf":{"@id":"https:\/\/atelierdubourg.fr\/adb\/#website"},"datePublished":"2022-10-17T15:23:01+00:00","dateModified":"2026-03-06T05:08:36+00:00","description":"\u00c9ditions Le March\u00e9 Noir, oct. 2022. Un voyage in\u00e9dit dans l'univers des arts imprim\u00e9s et de la micro-\u00e9dition ind\u00e9pendante. Tirage limit\u00e9 \u00e0 1000 exemplaires.","breadcrumb":{"@id":"https:\/\/atelierdubourg.fr\/adb\/produit\/les-mains-sales\/#breadcrumb"},"inLanguage":"fr-FR","potentialAction":[{"@type":"ReadAction","target":["https:\/\/atelierdubourg.fr\/adb\/produit\/les-mains-sales\/"]}]},{"@type":"BreadcrumbList","@id":"https:\/\/atelierdubourg.fr\/adb\/produit\/les-mains-sales\/#breadcrumb","itemListElement":[{"@type":"ListItem","position":1,"name":"Accueil","item":"https:\/\/atelierdubourg.fr\/adb\/"},{"@type":"ListItem","position":2,"name":"\u00c9ditions d&rsquo;artiste","item":"https:\/\/atelierdubourg.fr\/adb\/boutique\/"},{"@type":"ListItem","position":3,"name":"LES MAINS SALES"}]},{"@type":"WebSite","@id":"https:\/\/atelierdubourg.fr\/adb\/#website","url":"https:\/\/atelierdubourg.fr\/adb\/","name":"L&#039;Atelier du Bourg","description":"l&#039;Atelier du Bourg","potentialAction":[{"@type":"SearchAction","target":{"@type":"EntryPoint","urlTemplate":"https:\/\/atelierdubourg.fr\/adb\/?s={search_term_string}"},"query-input":"required name=search_term_string"}],"inLanguage":"fr-FR"}]}},"jetpack_sharing_enabled":true,"_links":{"self":[{"href":"https:\/\/atelierdubourg.fr\/adb\/wp-json\/wp\/v2\/product\/3686"}],"collection":[{"href":"https:\/\/atelierdubourg.fr\/adb\/wp-json\/wp\/v2\/product"}],"about":[{"href":"https:\/\/atelierdubourg.fr\/adb\/wp-json\/wp\/v2\/types\/product"}],"wp:featuredmedia":[{"embeddable":true,"href":"https:\/\/atelierdubourg.fr\/adb\/wp-json\/wp\/v2\/media\/3721"}],"wp:attachment":[{"href":"https:\/\/atelierdubourg.fr\/adb\/wp-json\/wp\/v2\/media?parent=3686"}],"wp:term":[{"taxonomy":"product_cat","embeddable":true,"href":"https:\/\/atelierdubourg.fr\/adb\/wp-json\/wp\/v2\/product_cat?post=3686"},{"taxonomy":"product_tag","embeddable":true,"href":"https:\/\/atelierdubourg.fr\/adb\/wp-json\/wp\/v2\/product_tag?post=3686"}],"curies":[{"name":"wp","href":"https:\/\/api.w.org\/{rel}","templated":true}]}}