{"id":4028,"date":"2023-07-18T19:05:48","date_gmt":"2023-07-18T17:05:48","guid":{"rendered":"https:\/\/atelierdubourg.fr\/adb\/?post_type=product&#038;p=4028"},"modified":"2024-11-16T16:17:40","modified_gmt":"2024-11-16T15:17:40","slug":"ressemblance","status":"publish","type":"product","link":"https:\/\/atelierdubourg.fr\/adb\/produit\/ressemblance\/","title":{"rendered":"Ressemblance"},"content":{"rendered":"<p>\u00c9dition <em>Ressemblance<\/em><br \/>\nde Icare Toussaint<br \/>\n\u2013<br \/>\n20 pages cartonn\u00e9es<br \/>\nFormat 16*16 cm<br \/>\nLivre imprim\u00e9 en s\u00e9rigraphie 2 couleurs sur papier bleu.<br \/>\nImprim\u00e9 au March\u00e9 Noir en ao\u00fbt 2022<\/p>\n<p>ouvrage imprim\u00e9 \u00e0 18 exemplaires<br \/>\n\u2013<br \/>\nPar Anna Boulanger<\/p>\n","protected":false},"excerpt":{"rendered":"<p>\u00c9dition Ressemblance de Icare Toussaint \u2013 20 pages cartonn\u00e9es Format 16*16 cm Livre imprim\u00e9 en s\u00e9rigraphie 2 couleurs sur papier bleu. Imprim\u00e9 au March\u00e9 Noir en ao\u00fbt 2022 ouvrage imprim\u00e9 \u00e0 18 exemplaires \u2013 Par Anna Boulanger<\/p>\n","protected":false},"featured_media":4012,"template":"","meta":{"jetpack_post_was_ever_published":false,"jetpack_publicize_message":"","jetpack_is_tweetstorm":false,"jetpack_publicize_feature_enabled":true,"jetpack_social_post_already_shared":true,"jetpack_social_options":{"image_generator_settings":{"template":"highway","enabled":false}}},"product_cat":[40,82,36],"product_tag":[],"supplier_id":null,"supplier_sku":"","barcode":null,"atum_controlled":true,"out_stock_date":null,"out_stock_threshold":null,"inheritable":false,"inbound_stock":0,"stock_on_hold":0,"sold_today":0,"sales_last_days":0,"reserved_stock":0,"customer_returns":0,"warehouse_damage":0,"lost_in_post":0,"other_logs":0,"out_stock_days":0,"lost_sales":0,"has_location":false,"update_date":"2026-04-28T00:35:04","atum_locations":[],"atum_stock_status":"instock","restock_status":false,"low_stock_amount":"","sales_update_date":"2026-04-28T00:35:04","calc_backorders":null,"jetpack_publicize_connections":[],"acf":[],"yoast_head":"<!-- This site is optimized with the Yoast SEO plugin v20.6 - https:\/\/yoast.com\/wordpress\/plugins\/seo\/ -->\n<title>Ressemblance - L&#039;Atelier du Bourg<\/title>\n<meta name=\"robots\" content=\"index, follow, max-snippet:-1, max-image-preview:large, max-video-preview:-1\" \/>\n<link rel=\"canonical\" href=\"https:\/\/atelierdubourg.fr\/adb\/produit\/ressemblance\/\" \/>\n<meta property=\"og:locale\" content=\"fr_FR\" \/>\n<meta property=\"og:type\" content=\"article\" \/>\n<meta property=\"og:title\" content=\"Ressemblance - L&#039;Atelier du Bourg\" \/>\n<meta property=\"og:description\" content=\"\u00c9dition Ressemblance de Icare Toussaint \u2013 20 pages cartonn\u00e9es Format 16*16 cm Livre imprim\u00e9 en s\u00e9rigraphie 2 couleurs sur papier bleu. Imprim\u00e9 au March\u00e9 Noir en ao\u00fbt 2022 ouvrage imprim\u00e9 \u00e0 18 exemplaires \u2013 Par Anna Boulanger\" \/>\n<meta property=\"og:url\" content=\"https:\/\/atelierdubourg.fr\/adb\/produit\/ressemblance\/\" \/>\n<meta property=\"og:site_name\" content=\"L&#039;Atelier du Bourg\" \/>\n<meta property=\"article:modified_time\" content=\"2024-11-16T15:17:40+00:00\" \/>\n<meta property=\"og:image\" content=\"https:\/\/atelierdubourg.fr\/adb\/wp-content\/uploads\/2023\/07\/1e-de-couverture-scaled.jpg\" \/>\n\t<meta property=\"og:image:width\" content=\"2560\" \/>\n\t<meta property=\"og:image:height\" content=\"1920\" \/>\n\t<meta property=\"og:image:type\" content=\"image\/jpeg\" \/>\n<meta name=\"twitter:card\" content=\"summary_large_image\" \/>\n<meta name=\"twitter:label1\" content=\"Dur\u00e9e de lecture estim\u00e9e\" \/>\n\t<meta name=\"twitter:data1\" content=\"1 minute\" \/>\n<script type=\"application\/ld+json\" class=\"yoast-schema-graph\">{\"@context\":\"https:\/\/schema.org\",\"@graph\":[{\"@type\":\"WebPage\",\"@id\":\"https:\/\/atelierdubourg.fr\/adb\/produit\/ressemblance\/\",\"url\":\"https:\/\/atelierdubourg.fr\/adb\/produit\/ressemblance\/\",\"name\":\"Ressemblance - L&#039;Atelier du Bourg\",\"isPartOf\":{\"@id\":\"https:\/\/atelierdubourg.fr\/adb\/#website\"},\"datePublished\":\"2023-07-18T17:05:48+00:00\",\"dateModified\":\"2024-11-16T15:17:40+00:00\",\"breadcrumb\":{\"@id\":\"https:\/\/atelierdubourg.fr\/adb\/produit\/ressemblance\/#breadcrumb\"},\"inLanguage\":\"fr-FR\",\"potentialAction\":[{\"@type\":\"ReadAction\",\"target\":[\"https:\/\/atelierdubourg.fr\/adb\/produit\/ressemblance\/\"]}]},{\"@type\":\"BreadcrumbList\",\"@id\":\"https:\/\/atelierdubourg.fr\/adb\/produit\/ressemblance\/#breadcrumb\",\"itemListElement\":[{\"@type\":\"ListItem\",\"position\":1,\"name\":\"Accueil\",\"item\":\"https:\/\/atelierdubourg.fr\/adb\/\"},{\"@type\":\"ListItem\",\"position\":2,\"name\":\"\u00c9ditions d&rsquo;artiste\",\"item\":\"https:\/\/atelierdubourg.fr\/adb\/boutique\/\"},{\"@type\":\"ListItem\",\"position\":3,\"name\":\"Ressemblance\"}]},{\"@type\":\"WebSite\",\"@id\":\"https:\/\/atelierdubourg.fr\/adb\/#website\",\"url\":\"https:\/\/atelierdubourg.fr\/adb\/\",\"name\":\"L&#039;Atelier du Bourg\",\"description\":\"l&#039;Atelier du Bourg\",\"potentialAction\":[{\"@type\":\"SearchAction\",\"target\":{\"@type\":\"EntryPoint\",\"urlTemplate\":\"https:\/\/atelierdubourg.fr\/adb\/?s={search_term_string}\"},\"query-input\":\"required name=search_term_string\"}],\"inLanguage\":\"fr-FR\"}]}<\/script>\n<!-- \/ Yoast SEO plugin. -->","yoast_head_json":{"title":"Ressemblance - L&#039;Atelier du Bourg","robots":{"index":"index","follow":"follow","max-snippet":"max-snippet:-1","max-image-preview":"max-image-preview:large","max-video-preview":"max-video-preview:-1"},"canonical":"https:\/\/atelierdubourg.fr\/adb\/produit\/ressemblance\/","og_locale":"fr_FR","og_type":"article","og_title":"Ressemblance - L&#039;Atelier du Bourg","og_description":"\u00c9dition Ressemblance de Icare Toussaint \u2013 20 pages cartonn\u00e9es Format 16*16 cm Livre imprim\u00e9 en s\u00e9rigraphie 2 couleurs sur papier bleu. Imprim\u00e9 au March\u00e9 Noir en ao\u00fbt 2022 ouvrage imprim\u00e9 \u00e0 18 exemplaires \u2013 Par Anna Boulanger","og_url":"https:\/\/atelierdubourg.fr\/adb\/produit\/ressemblance\/","og_site_name":"L&#039;Atelier du Bourg","article_modified_time":"2024-11-16T15:17:40+00:00","og_image":[{"width":2560,"height":1920,"url":"https:\/\/atelierdubourg.fr\/adb\/wp-content\/uploads\/2023\/07\/1e-de-couverture-scaled.jpg","type":"image\/jpeg"}],"twitter_card":"summary_large_image","twitter_misc":{"Dur\u00e9e de lecture estim\u00e9e":"1 minute"},"schema":{"@context":"https:\/\/schema.org","@graph":[{"@type":"WebPage","@id":"https:\/\/atelierdubourg.fr\/adb\/produit\/ressemblance\/","url":"https:\/\/atelierdubourg.fr\/adb\/produit\/ressemblance\/","name":"Ressemblance - L&#039;Atelier du Bourg","isPartOf":{"@id":"https:\/\/atelierdubourg.fr\/adb\/#website"},"datePublished":"2023-07-18T17:05:48+00:00","dateModified":"2024-11-16T15:17:40+00:00","breadcrumb":{"@id":"https:\/\/atelierdubourg.fr\/adb\/produit\/ressemblance\/#breadcrumb"},"inLanguage":"fr-FR","potentialAction":[{"@type":"ReadAction","target":["https:\/\/atelierdubourg.fr\/adb\/produit\/ressemblance\/"]}]},{"@type":"BreadcrumbList","@id":"https:\/\/atelierdubourg.fr\/adb\/produit\/ressemblance\/#breadcrumb","itemListElement":[{"@type":"ListItem","position":1,"name":"Accueil","item":"https:\/\/atelierdubourg.fr\/adb\/"},{"@type":"ListItem","position":2,"name":"\u00c9ditions d&rsquo;artiste","item":"https:\/\/atelierdubourg.fr\/adb\/boutique\/"},{"@type":"ListItem","position":3,"name":"Ressemblance"}]},{"@type":"WebSite","@id":"https:\/\/atelierdubourg.fr\/adb\/#website","url":"https:\/\/atelierdubourg.fr\/adb\/","name":"L&#039;Atelier du Bourg","description":"l&#039;Atelier du Bourg","potentialAction":[{"@type":"SearchAction","target":{"@type":"EntryPoint","urlTemplate":"https:\/\/atelierdubourg.fr\/adb\/?s={search_term_string}"},"query-input":"required name=search_term_string"}],"inLanguage":"fr-FR"}]}},"jetpack_sharing_enabled":true,"_links":{"self":[{"href":"https:\/\/atelierdubourg.fr\/adb\/wp-json\/wp\/v2\/product\/4028"}],"collection":[{"href":"https:\/\/atelierdubourg.fr\/adb\/wp-json\/wp\/v2\/product"}],"about":[{"href":"https:\/\/atelierdubourg.fr\/adb\/wp-json\/wp\/v2\/types\/product"}],"wp:featuredmedia":[{"embeddable":true,"href":"https:\/\/atelierdubourg.fr\/adb\/wp-json\/wp\/v2\/media\/4012"}],"wp:attachment":[{"href":"https:\/\/atelierdubourg.fr\/adb\/wp-json\/wp\/v2\/media?parent=4028"}],"wp:term":[{"taxonomy":"product_cat","embeddable":true,"href":"https:\/\/atelierdubourg.fr\/adb\/wp-json\/wp\/v2\/product_cat?post=4028"},{"taxonomy":"product_tag","embeddable":true,"href":"https:\/\/atelierdubourg.fr\/adb\/wp-json\/wp\/v2\/product_tag?post=4028"}],"curies":[{"name":"wp","href":"https:\/\/api.w.org\/{rel}","templated":true}]}}