{"id":4070,"date":"2023-07-25T17:37:54","date_gmt":"2023-07-25T15:37:54","guid":{"rendered":"https:\/\/atelierdubourg.fr\/adb\/?post_type=product&#038;p=4070"},"modified":"2025-01-17T13:07:43","modified_gmt":"2025-01-17T12:07:43","slug":"tisserands-serigraphie","status":"publish","type":"product","link":"https:\/\/atelierdubourg.fr\/adb\/produit\/tisserands-serigraphie\/","title":{"rendered":"Tisserands"},"content":{"rendered":"<p>S\u00e9rigraphie 1 couleur, gris fonc\u00e9<br \/>\nPapier Fabriano Rospina Bianco 285 gr<br \/>\nFormat 50*70 cm<br \/>\n\u2022 25 exemplaires num\u00e9rot\u00e9s de 1 \u00e0 25<br \/>\n\u2013<br \/>\nEric Mah\u00e9, 2023<\/p>\n","protected":false},"excerpt":{"rendered":"<p>S\u00e9rigraphie 1 couleur<br \/>\nPapier Fabriano Rospina Bianco 285 gr<br \/>\nFormat 50*70 cm<br \/>\n\u2022 25 exemplaires num\u00e9rot\u00e9s de 1 \u00e0 25<br \/>\n\u2013<br \/>\nEric Mah\u00e9, 2023<\/p>\n","protected":false},"featured_media":4076,"template":"","meta":{"jetpack_post_was_ever_published":false,"jetpack_publicize_message":"","jetpack_is_tweetstorm":false,"jetpack_publicize_feature_enabled":true,"jetpack_social_post_already_shared":true,"jetpack_social_options":{"image_generator_settings":{"template":"highway","enabled":false}}},"product_cat":[41,36],"product_tag":[],"supplier_id":null,"supplier_sku":"","barcode":null,"atum_controlled":true,"out_stock_date":null,"out_stock_threshold":null,"inheritable":false,"inbound_stock":0,"stock_on_hold":0,"sold_today":0,"sales_last_days":0,"reserved_stock":0,"customer_returns":0,"warehouse_damage":0,"lost_in_post":0,"other_logs":0,"out_stock_days":0,"lost_sales":0,"has_location":false,"update_date":"2026-04-29T00:35:05","atum_locations":[],"atum_stock_status":"instock","restock_status":false,"low_stock_amount":"","sales_update_date":"2026-04-29T00:35:05","calc_backorders":null,"jetpack_publicize_connections":[],"acf":[],"yoast_head":"<!-- This site is optimized with the Yoast SEO plugin v20.6 - https:\/\/yoast.com\/wordpress\/plugins\/seo\/ -->\n<title>Tisserands - L&#039;Atelier du Bourg s\u00e9rigraphie, \u00c9ric Mah\u00e9, dessins<\/title>\n<meta name=\"description\" content=\"tisserands, s\u00e9rigraphie, \u00c9ric Mah\u00e9, Atelier du bourg, Poster, Dessin,\" \/>\n<meta name=\"robots\" content=\"index, follow, max-snippet:-1, max-image-preview:large, max-video-preview:-1\" \/>\n<link rel=\"canonical\" href=\"https:\/\/atelierdubourg.fr\/adb\/produit\/tisserands-serigraphie\/\" \/>\n<meta property=\"og:locale\" content=\"fr_FR\" \/>\n<meta property=\"og:type\" content=\"article\" \/>\n<meta property=\"og:title\" content=\"Tisserands - L&#039;Atelier du Bourg s\u00e9rigraphie, \u00c9ric Mah\u00e9, dessins\" \/>\n<meta property=\"og:description\" content=\"tisserands, s\u00e9rigraphie, \u00c9ric Mah\u00e9, Atelier du bourg, Poster, Dessin,\" \/>\n<meta property=\"og:url\" content=\"https:\/\/atelierdubourg.fr\/adb\/produit\/tisserands-serigraphie\/\" \/>\n<meta property=\"og:site_name\" content=\"L&#039;Atelier du Bourg\" \/>\n<meta property=\"article:modified_time\" content=\"2025-01-17T12:07:43+00:00\" \/>\n<meta property=\"og:image\" content=\"https:\/\/atelierdubourg.fr\/adb\/wp-content\/uploads\/2023\/07\/TISSERANDS.jpg\" \/>\n\t<meta property=\"og:image:width\" content=\"1000\" \/>\n\t<meta property=\"og:image:height\" content=\"1400\" \/>\n\t<meta property=\"og:image:type\" content=\"image\/jpeg\" \/>\n<meta name=\"twitter:card\" content=\"summary_large_image\" \/>\n<meta name=\"twitter:label1\" content=\"Dur\u00e9e de lecture estim\u00e9e\" \/>\n\t<meta name=\"twitter:data1\" content=\"1 minute\" \/>\n<script type=\"application\/ld+json\" class=\"yoast-schema-graph\">{\"@context\":\"https:\/\/schema.org\",\"@graph\":[{\"@type\":\"WebPage\",\"@id\":\"https:\/\/atelierdubourg.fr\/adb\/produit\/tisserands-serigraphie\/\",\"url\":\"https:\/\/atelierdubourg.fr\/adb\/produit\/tisserands-serigraphie\/\",\"name\":\"Tisserands - L&#039;Atelier du Bourg s\u00e9rigraphie, \u00c9ric Mah\u00e9, dessins\",\"isPartOf\":{\"@id\":\"https:\/\/atelierdubourg.fr\/adb\/#website\"},\"datePublished\":\"2023-07-25T15:37:54+00:00\",\"dateModified\":\"2025-01-17T12:07:43+00:00\",\"description\":\"tisserands, s\u00e9rigraphie, \u00c9ric Mah\u00e9, Atelier du bourg, Poster, Dessin,\",\"breadcrumb\":{\"@id\":\"https:\/\/atelierdubourg.fr\/adb\/produit\/tisserands-serigraphie\/#breadcrumb\"},\"inLanguage\":\"fr-FR\",\"potentialAction\":[{\"@type\":\"ReadAction\",\"target\":[\"https:\/\/atelierdubourg.fr\/adb\/produit\/tisserands-serigraphie\/\"]}]},{\"@type\":\"BreadcrumbList\",\"@id\":\"https:\/\/atelierdubourg.fr\/adb\/produit\/tisserands-serigraphie\/#breadcrumb\",\"itemListElement\":[{\"@type\":\"ListItem\",\"position\":1,\"name\":\"Accueil\",\"item\":\"https:\/\/atelierdubourg.fr\/adb\/\"},{\"@type\":\"ListItem\",\"position\":2,\"name\":\"\u00c9ditions d&rsquo;artiste\",\"item\":\"https:\/\/atelierdubourg.fr\/adb\/boutique\/\"},{\"@type\":\"ListItem\",\"position\":3,\"name\":\"Tisserands\"}]},{\"@type\":\"WebSite\",\"@id\":\"https:\/\/atelierdubourg.fr\/adb\/#website\",\"url\":\"https:\/\/atelierdubourg.fr\/adb\/\",\"name\":\"L&#039;Atelier du Bourg\",\"description\":\"l&#039;Atelier du Bourg\",\"potentialAction\":[{\"@type\":\"SearchAction\",\"target\":{\"@type\":\"EntryPoint\",\"urlTemplate\":\"https:\/\/atelierdubourg.fr\/adb\/?s={search_term_string}\"},\"query-input\":\"required name=search_term_string\"}],\"inLanguage\":\"fr-FR\"}]}<\/script>\n<!-- \/ Yoast SEO plugin. -->","yoast_head_json":{"title":"Tisserands - L&#039;Atelier du Bourg s\u00e9rigraphie, \u00c9ric Mah\u00e9, dessins","description":"tisserands, s\u00e9rigraphie, \u00c9ric Mah\u00e9, Atelier du bourg, Poster, Dessin,","robots":{"index":"index","follow":"follow","max-snippet":"max-snippet:-1","max-image-preview":"max-image-preview:large","max-video-preview":"max-video-preview:-1"},"canonical":"https:\/\/atelierdubourg.fr\/adb\/produit\/tisserands-serigraphie\/","og_locale":"fr_FR","og_type":"article","og_title":"Tisserands - L&#039;Atelier du Bourg s\u00e9rigraphie, \u00c9ric Mah\u00e9, dessins","og_description":"tisserands, s\u00e9rigraphie, \u00c9ric Mah\u00e9, Atelier du bourg, Poster, Dessin,","og_url":"https:\/\/atelierdubourg.fr\/adb\/produit\/tisserands-serigraphie\/","og_site_name":"L&#039;Atelier du Bourg","article_modified_time":"2025-01-17T12:07:43+00:00","og_image":[{"width":1000,"height":1400,"url":"https:\/\/atelierdubourg.fr\/adb\/wp-content\/uploads\/2023\/07\/TISSERANDS.jpg","type":"image\/jpeg"}],"twitter_card":"summary_large_image","twitter_misc":{"Dur\u00e9e de lecture estim\u00e9e":"1 minute"},"schema":{"@context":"https:\/\/schema.org","@graph":[{"@type":"WebPage","@id":"https:\/\/atelierdubourg.fr\/adb\/produit\/tisserands-serigraphie\/","url":"https:\/\/atelierdubourg.fr\/adb\/produit\/tisserands-serigraphie\/","name":"Tisserands - L&#039;Atelier du Bourg s\u00e9rigraphie, \u00c9ric Mah\u00e9, dessins","isPartOf":{"@id":"https:\/\/atelierdubourg.fr\/adb\/#website"},"datePublished":"2023-07-25T15:37:54+00:00","dateModified":"2025-01-17T12:07:43+00:00","description":"tisserands, s\u00e9rigraphie, \u00c9ric Mah\u00e9, Atelier du bourg, Poster, Dessin,","breadcrumb":{"@id":"https:\/\/atelierdubourg.fr\/adb\/produit\/tisserands-serigraphie\/#breadcrumb"},"inLanguage":"fr-FR","potentialAction":[{"@type":"ReadAction","target":["https:\/\/atelierdubourg.fr\/adb\/produit\/tisserands-serigraphie\/"]}]},{"@type":"BreadcrumbList","@id":"https:\/\/atelierdubourg.fr\/adb\/produit\/tisserands-serigraphie\/#breadcrumb","itemListElement":[{"@type":"ListItem","position":1,"name":"Accueil","item":"https:\/\/atelierdubourg.fr\/adb\/"},{"@type":"ListItem","position":2,"name":"\u00c9ditions d&rsquo;artiste","item":"https:\/\/atelierdubourg.fr\/adb\/boutique\/"},{"@type":"ListItem","position":3,"name":"Tisserands"}]},{"@type":"WebSite","@id":"https:\/\/atelierdubourg.fr\/adb\/#website","url":"https:\/\/atelierdubourg.fr\/adb\/","name":"L&#039;Atelier du Bourg","description":"l&#039;Atelier du Bourg","potentialAction":[{"@type":"SearchAction","target":{"@type":"EntryPoint","urlTemplate":"https:\/\/atelierdubourg.fr\/adb\/?s={search_term_string}"},"query-input":"required name=search_term_string"}],"inLanguage":"fr-FR"}]}},"jetpack_sharing_enabled":true,"_links":{"self":[{"href":"https:\/\/atelierdubourg.fr\/adb\/wp-json\/wp\/v2\/product\/4070"}],"collection":[{"href":"https:\/\/atelierdubourg.fr\/adb\/wp-json\/wp\/v2\/product"}],"about":[{"href":"https:\/\/atelierdubourg.fr\/adb\/wp-json\/wp\/v2\/types\/product"}],"wp:featuredmedia":[{"embeddable":true,"href":"https:\/\/atelierdubourg.fr\/adb\/wp-json\/wp\/v2\/media\/4076"}],"wp:attachment":[{"href":"https:\/\/atelierdubourg.fr\/adb\/wp-json\/wp\/v2\/media?parent=4070"}],"wp:term":[{"taxonomy":"product_cat","embeddable":true,"href":"https:\/\/atelierdubourg.fr\/adb\/wp-json\/wp\/v2\/product_cat?post=4070"},{"taxonomy":"product_tag","embeddable":true,"href":"https:\/\/atelierdubourg.fr\/adb\/wp-json\/wp\/v2\/product_tag?post=4070"}],"curies":[{"name":"wp","href":"https:\/\/api.w.org\/{rel}","templated":true}]}}