{"id":4312,"date":"2024-02-08T14:14:55","date_gmt":"2024-02-08T13:14:55","guid":{"rendered":"https:\/\/atelierdubourg.fr\/adb\/?post_type=product&#038;p=4312"},"modified":"2025-01-17T12:58:29","modified_gmt":"2025-01-17T11:58:29","slug":"foret","status":"publish","type":"product","link":"https:\/\/atelierdubourg.fr\/adb\/produit\/foret\/","title":{"rendered":"For\u00eat"},"content":{"rendered":"<p>\u2013<br \/>\nS\u00e9rigraphie 1 couleur \/<br \/>\nPapier arena rough ivory \/<br \/>\nFormat 40*60 cm \/<br \/>\n20 exemplaires num\u00e9rot\u00e9s de 1 \u00e0 20 \/<br \/>\n6 exemplaires num\u00e9rot\u00e9s de I \u00e0 VI<br \/>\n\u2013<br \/>\n2023<br \/>\n&#8211;<\/p>\n","protected":false},"excerpt":{"rendered":"<p>\u2013<br \/>\nS\u00e9rigraphie 1 couleur \/<br \/>\nPapier arena rough ivory \/<br \/>\nFormat 40*60 cm \/<br \/>\n20 exemplaires num\u00e9rot\u00e9s de 1 \u00e0 20 \/<br \/>\n6 exemplaires num\u00e9rot\u00e9s de I \u00e0 VI<br \/>\n\u2013<br \/>\n2023<br \/>\n\u2013<\/p>\n","protected":false},"featured_media":0,"template":"","meta":{"jetpack_post_was_ever_published":false,"jetpack_publicize_message":"","jetpack_is_tweetstorm":false,"jetpack_publicize_feature_enabled":true,"jetpack_social_post_already_shared":true,"jetpack_social_options":{"image_generator_settings":{"template":"highway","enabled":false}}},"product_cat":[41,81,36],"product_tag":[],"supplier_id":null,"supplier_sku":"","barcode":null,"atum_controlled":true,"out_stock_date":null,"out_stock_threshold":null,"inheritable":false,"inbound_stock":0,"stock_on_hold":0,"sold_today":0,"sales_last_days":0,"reserved_stock":0,"customer_returns":0,"warehouse_damage":0,"lost_in_post":0,"other_logs":0,"out_stock_days":0,"lost_sales":0,"has_location":false,"update_date":"2026-05-01T00:39:09","atum_locations":[],"atum_stock_status":"instock","restock_status":false,"low_stock_amount":1,"sales_update_date":"2026-05-01T00:39:09","calc_backorders":null,"jetpack_publicize_connections":[],"acf":[],"yoast_head":"<!-- This site is optimized with the Yoast SEO plugin v20.6 - https:\/\/yoast.com\/wordpress\/plugins\/seo\/ -->\n<title>For\u00eat - L&#039;Atelier du Bourg s\u00e9ripgraphie, Eric Mah\u00e9, Atelier du bourg<\/title>\n<meta name=\"description\" content=\"s\u00e9rigraphie, Eric Mah\u00e9, Atelier du bourg, Dessin, estampe, Atelier du Bourg, For\u00eat, Exemplaires sign\u00e9s num\u00e9rot\u00e9, multiple, papier, poster, art, \u0153uvre\" \/>\n<meta name=\"robots\" content=\"index, follow, max-snippet:-1, max-image-preview:large, max-video-preview:-1\" \/>\n<link rel=\"canonical\" href=\"https:\/\/atelierdubourg.fr\/adb\/produit\/foret\/\" \/>\n<meta property=\"og:locale\" content=\"fr_FR\" \/>\n<meta property=\"og:type\" content=\"article\" \/>\n<meta property=\"og:title\" content=\"For\u00eat - L&#039;Atelier du Bourg s\u00e9ripgraphie, Eric Mah\u00e9, Atelier du bourg\" \/>\n<meta property=\"og:description\" content=\"s\u00e9rigraphie, Eric Mah\u00e9, Atelier du bourg, Dessin, estampe, Atelier du Bourg, For\u00eat, Exemplaires sign\u00e9s num\u00e9rot\u00e9, multiple, papier, poster, art, \u0153uvre\" \/>\n<meta property=\"og:url\" content=\"https:\/\/atelierdubourg.fr\/adb\/produit\/foret\/\" \/>\n<meta property=\"og:site_name\" content=\"L&#039;Atelier du Bourg\" \/>\n<meta property=\"article:modified_time\" content=\"2025-01-17T11:58:29+00:00\" \/>\n<meta name=\"twitter:card\" content=\"summary_large_image\" \/>\n<meta name=\"twitter:label1\" content=\"Dur\u00e9e de lecture estim\u00e9e\" \/>\n\t<meta name=\"twitter:data1\" content=\"1 minute\" \/>\n<script type=\"application\/ld+json\" class=\"yoast-schema-graph\">{\"@context\":\"https:\/\/schema.org\",\"@graph\":[{\"@type\":\"WebPage\",\"@id\":\"https:\/\/atelierdubourg.fr\/adb\/produit\/foret\/\",\"url\":\"https:\/\/atelierdubourg.fr\/adb\/produit\/foret\/\",\"name\":\"For\u00eat - L&#039;Atelier du Bourg s\u00e9ripgraphie, Eric Mah\u00e9, Atelier du bourg\",\"isPartOf\":{\"@id\":\"https:\/\/atelierdubourg.fr\/adb\/#website\"},\"datePublished\":\"2024-02-08T13:14:55+00:00\",\"dateModified\":\"2025-01-17T11:58:29+00:00\",\"description\":\"s\u00e9rigraphie, Eric Mah\u00e9, Atelier du bourg, Dessin, estampe, Atelier du Bourg, For\u00eat, Exemplaires sign\u00e9s num\u00e9rot\u00e9, multiple, papier, poster, art, \u0153uvre\",\"breadcrumb\":{\"@id\":\"https:\/\/atelierdubourg.fr\/adb\/produit\/foret\/#breadcrumb\"},\"inLanguage\":\"fr-FR\",\"potentialAction\":[{\"@type\":\"ReadAction\",\"target\":[\"https:\/\/atelierdubourg.fr\/adb\/produit\/foret\/\"]}]},{\"@type\":\"BreadcrumbList\",\"@id\":\"https:\/\/atelierdubourg.fr\/adb\/produit\/foret\/#breadcrumb\",\"itemListElement\":[{\"@type\":\"ListItem\",\"position\":1,\"name\":\"Accueil\",\"item\":\"https:\/\/atelierdubourg.fr\/adb\/\"},{\"@type\":\"ListItem\",\"position\":2,\"name\":\"\u00c9ditions d&rsquo;artiste\",\"item\":\"https:\/\/atelierdubourg.fr\/adb\/boutique\/\"},{\"@type\":\"ListItem\",\"position\":3,\"name\":\"For\u00eat\"}]},{\"@type\":\"WebSite\",\"@id\":\"https:\/\/atelierdubourg.fr\/adb\/#website\",\"url\":\"https:\/\/atelierdubourg.fr\/adb\/\",\"name\":\"L&#039;Atelier du Bourg\",\"description\":\"l&#039;Atelier du Bourg\",\"potentialAction\":[{\"@type\":\"SearchAction\",\"target\":{\"@type\":\"EntryPoint\",\"urlTemplate\":\"https:\/\/atelierdubourg.fr\/adb\/?s={search_term_string}\"},\"query-input\":\"required name=search_term_string\"}],\"inLanguage\":\"fr-FR\"}]}<\/script>\n<!-- \/ Yoast SEO plugin. -->","yoast_head_json":{"title":"For\u00eat - L&#039;Atelier du Bourg s\u00e9ripgraphie, Eric Mah\u00e9, Atelier du bourg","description":"s\u00e9rigraphie, Eric Mah\u00e9, Atelier du bourg, Dessin, estampe, Atelier du Bourg, For\u00eat, Exemplaires sign\u00e9s num\u00e9rot\u00e9, multiple, papier, poster, art, \u0153uvre","robots":{"index":"index","follow":"follow","max-snippet":"max-snippet:-1","max-image-preview":"max-image-preview:large","max-video-preview":"max-video-preview:-1"},"canonical":"https:\/\/atelierdubourg.fr\/adb\/produit\/foret\/","og_locale":"fr_FR","og_type":"article","og_title":"For\u00eat - L&#039;Atelier du Bourg s\u00e9ripgraphie, Eric Mah\u00e9, Atelier du bourg","og_description":"s\u00e9rigraphie, Eric Mah\u00e9, Atelier du bourg, Dessin, estampe, Atelier du Bourg, For\u00eat, Exemplaires sign\u00e9s num\u00e9rot\u00e9, multiple, papier, poster, art, \u0153uvre","og_url":"https:\/\/atelierdubourg.fr\/adb\/produit\/foret\/","og_site_name":"L&#039;Atelier du Bourg","article_modified_time":"2025-01-17T11:58:29+00:00","twitter_card":"summary_large_image","twitter_misc":{"Dur\u00e9e de lecture estim\u00e9e":"1 minute"},"schema":{"@context":"https:\/\/schema.org","@graph":[{"@type":"WebPage","@id":"https:\/\/atelierdubourg.fr\/adb\/produit\/foret\/","url":"https:\/\/atelierdubourg.fr\/adb\/produit\/foret\/","name":"For\u00eat - L&#039;Atelier du Bourg s\u00e9ripgraphie, Eric Mah\u00e9, Atelier du bourg","isPartOf":{"@id":"https:\/\/atelierdubourg.fr\/adb\/#website"},"datePublished":"2024-02-08T13:14:55+00:00","dateModified":"2025-01-17T11:58:29+00:00","description":"s\u00e9rigraphie, Eric Mah\u00e9, Atelier du bourg, Dessin, estampe, Atelier du Bourg, For\u00eat, Exemplaires sign\u00e9s num\u00e9rot\u00e9, multiple, papier, poster, art, \u0153uvre","breadcrumb":{"@id":"https:\/\/atelierdubourg.fr\/adb\/produit\/foret\/#breadcrumb"},"inLanguage":"fr-FR","potentialAction":[{"@type":"ReadAction","target":["https:\/\/atelierdubourg.fr\/adb\/produit\/foret\/"]}]},{"@type":"BreadcrumbList","@id":"https:\/\/atelierdubourg.fr\/adb\/produit\/foret\/#breadcrumb","itemListElement":[{"@type":"ListItem","position":1,"name":"Accueil","item":"https:\/\/atelierdubourg.fr\/adb\/"},{"@type":"ListItem","position":2,"name":"\u00c9ditions d&rsquo;artiste","item":"https:\/\/atelierdubourg.fr\/adb\/boutique\/"},{"@type":"ListItem","position":3,"name":"For\u00eat"}]},{"@type":"WebSite","@id":"https:\/\/atelierdubourg.fr\/adb\/#website","url":"https:\/\/atelierdubourg.fr\/adb\/","name":"L&#039;Atelier du Bourg","description":"l&#039;Atelier du Bourg","potentialAction":[{"@type":"SearchAction","target":{"@type":"EntryPoint","urlTemplate":"https:\/\/atelierdubourg.fr\/adb\/?s={search_term_string}"},"query-input":"required name=search_term_string"}],"inLanguage":"fr-FR"}]}},"jetpack_sharing_enabled":true,"_links":{"self":[{"href":"https:\/\/atelierdubourg.fr\/adb\/wp-json\/wp\/v2\/product\/4312"}],"collection":[{"href":"https:\/\/atelierdubourg.fr\/adb\/wp-json\/wp\/v2\/product"}],"about":[{"href":"https:\/\/atelierdubourg.fr\/adb\/wp-json\/wp\/v2\/types\/product"}],"wp:attachment":[{"href":"https:\/\/atelierdubourg.fr\/adb\/wp-json\/wp\/v2\/media?parent=4312"}],"wp:term":[{"taxonomy":"product_cat","embeddable":true,"href":"https:\/\/atelierdubourg.fr\/adb\/wp-json\/wp\/v2\/product_cat?post=4312"},{"taxonomy":"product_tag","embeddable":true,"href":"https:\/\/atelierdubourg.fr\/adb\/wp-json\/wp\/v2\/product_tag?post=4312"}],"curies":[{"name":"wp","href":"https:\/\/api.w.org\/{rel}","templated":true}]}}