{"id":4389,"date":"2024-04-18T17:02:58","date_gmt":"2024-04-18T15:02:58","guid":{"rendered":"https:\/\/atelierdubourg.fr\/adb\/?post_type=product&#038;p=4389"},"modified":"2024-04-18T17:17:47","modified_gmt":"2024-04-18T15:17:47","slug":"bord-de-coupe","status":"publish","type":"product","link":"https:\/\/atelierdubourg.fr\/adb\/produit\/bord-de-coupe\/","title":{"rendered":"Bord de coupe"},"content":{"rendered":"<p>S\u00e9rigraphie<br \/>\n<span class=\"_aacl _aaco _aacu _aacx _aad7 _aade\">10 passages couleurs, 70*100 cm<\/span><br \/>\n[\u2192 contactez sixtine@atelierdubourg.fr pour plus d&rsquo;informations et d&rsquo;images]<\/p>\n<p>Format 70<span class=\"\" title=\"Modifi\u00e9\"> x 100 cm<\/span><br \/>\nSign\u00e9es et num\u00e9rot\u00e9es.<\/p>\n<p>+ d&rsquo;images et vid\u00e9os : <a href=\"https:\/\/www.instagram.com\/sixtine_gervais\/\">@Sixtine Gervais<\/a><\/p>\n<p><a href=\"https:\/\/www.instagram.com\/sixtine_gervais\/\">\u00a9 Sixtine Gervais<\/a>, 2023<br \/>\n<span class=\"_aacl _aaco _aacu _aacx _aad7 _aade\">Cr\u00e9ation et impression r\u00e9alis\u00e9e \u00e0 l&rsquo;atelier <a class=\"x1i10hfl xjbqb8w x6umtig x1b1mbwd xaqea5y xav7gou x9f619 x1ypdohk xt0psk2 xe8uvvx xdj266r x11i5rnm xat24cr x1mh8g0r xexx8yu x4uap5 x18d9i69 xkhd6sd x16tdsg8 x1hl2dhg xggy1nq x1a2a7pz notranslate _a6hd\" tabindex=\"0\" role=\"link\" href=\"https:\/\/www.instagram.com\/lemarchenoir_printers\/\">@lemarchenoir_printers<\/a><\/span><\/p>\n","protected":false},"excerpt":{"rendered":"<p>S\u00e9rigraphie<br \/>\nFormat 70<span class=\"\" title=\"Modifi\u00e9\"> x 100 cm<\/span><br \/>\n<a href=\"https:\/\/www.instagram.com\/sixtine_gervais\/\">\u00a9 Sixtine Gervais<\/a>, 2023<\/p>\n","protected":false},"featured_media":4391,"template":"","meta":{"jetpack_post_was_ever_published":false,"jetpack_publicize_message":"","jetpack_is_tweetstorm":false,"jetpack_publicize_feature_enabled":true,"jetpack_social_post_already_shared":true,"jetpack_social_options":{"image_generator_settings":{"template":"highway","enabled":false}}},"product_cat":[81,36,79],"product_tag":[],"supplier_id":null,"supplier_sku":"","barcode":null,"atum_controlled":true,"out_stock_date":null,"out_stock_threshold":null,"inheritable":false,"inbound_stock":0,"stock_on_hold":0,"sold_today":0,"sales_last_days":0,"reserved_stock":0,"customer_returns":0,"warehouse_damage":0,"lost_in_post":0,"other_logs":0,"out_stock_days":0,"lost_sales":0,"has_location":false,"update_date":"2026-05-01T00:39:09","atum_locations":[],"atum_stock_status":"instock","restock_status":false,"low_stock_amount":"","sales_update_date":"2026-05-01T00:39:09","calc_backorders":null,"jetpack_publicize_connections":[],"acf":[],"yoast_head":"<!-- This site is optimized with the Yoast SEO plugin v20.6 - https:\/\/yoast.com\/wordpress\/plugins\/seo\/ -->\n<title>Bord de coupe - L&#039;Atelier du Bourg<\/title>\n<meta name=\"description\" content=\"S\u00e9rigraphie 10 passages couleur, format 50*70 cm, imprim\u00e9 au March\u00e9 Noir \/ Sixtine Gervais, 2023\" \/>\n<meta name=\"robots\" content=\"index, follow, max-snippet:-1, max-image-preview:large, max-video-preview:-1\" \/>\n<link rel=\"canonical\" href=\"https:\/\/atelierdubourg.fr\/adb\/produit\/bord-de-coupe\/\" \/>\n<meta property=\"og:locale\" content=\"fr_FR\" \/>\n<meta property=\"og:type\" content=\"article\" \/>\n<meta property=\"og:title\" content=\"Bord de coupe - L&#039;Atelier du Bourg\" \/>\n<meta property=\"og:description\" content=\"S\u00e9rigraphie 10 passages couleur, format 50*70 cm, imprim\u00e9 au March\u00e9 Noir \/ Sixtine Gervais, 2023\" \/>\n<meta property=\"og:url\" content=\"https:\/\/atelierdubourg.fr\/adb\/produit\/bord-de-coupe\/\" \/>\n<meta property=\"og:site_name\" content=\"L&#039;Atelier du Bourg\" \/>\n<meta property=\"article:modified_time\" content=\"2024-04-18T15:17:47+00:00\" \/>\n<meta property=\"og:image\" content=\"https:\/\/atelierdubourg.fr\/adb\/wp-content\/uploads\/2024\/04\/BORD-DE-COUPE-_-SITE-ADB-_-SG-scaled.jpg\" \/>\n\t<meta property=\"og:image:width\" content=\"1793\" \/>\n\t<meta property=\"og:image:height\" content=\"2560\" \/>\n\t<meta property=\"og:image:type\" content=\"image\/jpeg\" \/>\n<meta name=\"twitter:card\" content=\"summary_large_image\" \/>\n<meta name=\"twitter:label1\" content=\"Dur\u00e9e de lecture estim\u00e9e\" \/>\n\t<meta name=\"twitter:data1\" content=\"1 minute\" \/>\n<script type=\"application\/ld+json\" class=\"yoast-schema-graph\">{\"@context\":\"https:\/\/schema.org\",\"@graph\":[{\"@type\":\"WebPage\",\"@id\":\"https:\/\/atelierdubourg.fr\/adb\/produit\/bord-de-coupe\/\",\"url\":\"https:\/\/atelierdubourg.fr\/adb\/produit\/bord-de-coupe\/\",\"name\":\"Bord de coupe - L&#039;Atelier du Bourg\",\"isPartOf\":{\"@id\":\"https:\/\/atelierdubourg.fr\/adb\/#website\"},\"datePublished\":\"2024-04-18T15:02:58+00:00\",\"dateModified\":\"2024-04-18T15:17:47+00:00\",\"description\":\"S\u00e9rigraphie 10 passages couleur, format 50*70 cm, imprim\u00e9 au March\u00e9 Noir \/ Sixtine Gervais, 2023\",\"breadcrumb\":{\"@id\":\"https:\/\/atelierdubourg.fr\/adb\/produit\/bord-de-coupe\/#breadcrumb\"},\"inLanguage\":\"fr-FR\",\"potentialAction\":[{\"@type\":\"ReadAction\",\"target\":[\"https:\/\/atelierdubourg.fr\/adb\/produit\/bord-de-coupe\/\"]}]},{\"@type\":\"BreadcrumbList\",\"@id\":\"https:\/\/atelierdubourg.fr\/adb\/produit\/bord-de-coupe\/#breadcrumb\",\"itemListElement\":[{\"@type\":\"ListItem\",\"position\":1,\"name\":\"Accueil\",\"item\":\"https:\/\/atelierdubourg.fr\/adb\/\"},{\"@type\":\"ListItem\",\"position\":2,\"name\":\"\u00c9ditions d&rsquo;artiste\",\"item\":\"https:\/\/atelierdubourg.fr\/adb\/boutique\/\"},{\"@type\":\"ListItem\",\"position\":3,\"name\":\"Bord de coupe\"}]},{\"@type\":\"WebSite\",\"@id\":\"https:\/\/atelierdubourg.fr\/adb\/#website\",\"url\":\"https:\/\/atelierdubourg.fr\/adb\/\",\"name\":\"L&#039;Atelier du Bourg\",\"description\":\"l&#039;Atelier du Bourg\",\"potentialAction\":[{\"@type\":\"SearchAction\",\"target\":{\"@type\":\"EntryPoint\",\"urlTemplate\":\"https:\/\/atelierdubourg.fr\/adb\/?s={search_term_string}\"},\"query-input\":\"required name=search_term_string\"}],\"inLanguage\":\"fr-FR\"}]}<\/script>\n<!-- \/ Yoast SEO plugin. -->","yoast_head_json":{"title":"Bord de coupe - L&#039;Atelier du Bourg","description":"S\u00e9rigraphie 10 passages couleur, format 50*70 cm, imprim\u00e9 au March\u00e9 Noir \/ Sixtine Gervais, 2023","robots":{"index":"index","follow":"follow","max-snippet":"max-snippet:-1","max-image-preview":"max-image-preview:large","max-video-preview":"max-video-preview:-1"},"canonical":"https:\/\/atelierdubourg.fr\/adb\/produit\/bord-de-coupe\/","og_locale":"fr_FR","og_type":"article","og_title":"Bord de coupe - L&#039;Atelier du Bourg","og_description":"S\u00e9rigraphie 10 passages couleur, format 50*70 cm, imprim\u00e9 au March\u00e9 Noir \/ Sixtine Gervais, 2023","og_url":"https:\/\/atelierdubourg.fr\/adb\/produit\/bord-de-coupe\/","og_site_name":"L&#039;Atelier du Bourg","article_modified_time":"2024-04-18T15:17:47+00:00","og_image":[{"width":1793,"height":2560,"url":"https:\/\/atelierdubourg.fr\/adb\/wp-content\/uploads\/2024\/04\/BORD-DE-COUPE-_-SITE-ADB-_-SG-scaled.jpg","type":"image\/jpeg"}],"twitter_card":"summary_large_image","twitter_misc":{"Dur\u00e9e de lecture estim\u00e9e":"1 minute"},"schema":{"@context":"https:\/\/schema.org","@graph":[{"@type":"WebPage","@id":"https:\/\/atelierdubourg.fr\/adb\/produit\/bord-de-coupe\/","url":"https:\/\/atelierdubourg.fr\/adb\/produit\/bord-de-coupe\/","name":"Bord de coupe - L&#039;Atelier du Bourg","isPartOf":{"@id":"https:\/\/atelierdubourg.fr\/adb\/#website"},"datePublished":"2024-04-18T15:02:58+00:00","dateModified":"2024-04-18T15:17:47+00:00","description":"S\u00e9rigraphie 10 passages couleur, format 50*70 cm, imprim\u00e9 au March\u00e9 Noir \/ Sixtine Gervais, 2023","breadcrumb":{"@id":"https:\/\/atelierdubourg.fr\/adb\/produit\/bord-de-coupe\/#breadcrumb"},"inLanguage":"fr-FR","potentialAction":[{"@type":"ReadAction","target":["https:\/\/atelierdubourg.fr\/adb\/produit\/bord-de-coupe\/"]}]},{"@type":"BreadcrumbList","@id":"https:\/\/atelierdubourg.fr\/adb\/produit\/bord-de-coupe\/#breadcrumb","itemListElement":[{"@type":"ListItem","position":1,"name":"Accueil","item":"https:\/\/atelierdubourg.fr\/adb\/"},{"@type":"ListItem","position":2,"name":"\u00c9ditions d&rsquo;artiste","item":"https:\/\/atelierdubourg.fr\/adb\/boutique\/"},{"@type":"ListItem","position":3,"name":"Bord de coupe"}]},{"@type":"WebSite","@id":"https:\/\/atelierdubourg.fr\/adb\/#website","url":"https:\/\/atelierdubourg.fr\/adb\/","name":"L&#039;Atelier du Bourg","description":"l&#039;Atelier du Bourg","potentialAction":[{"@type":"SearchAction","target":{"@type":"EntryPoint","urlTemplate":"https:\/\/atelierdubourg.fr\/adb\/?s={search_term_string}"},"query-input":"required name=search_term_string"}],"inLanguage":"fr-FR"}]}},"jetpack_sharing_enabled":true,"_links":{"self":[{"href":"https:\/\/atelierdubourg.fr\/adb\/wp-json\/wp\/v2\/product\/4389"}],"collection":[{"href":"https:\/\/atelierdubourg.fr\/adb\/wp-json\/wp\/v2\/product"}],"about":[{"href":"https:\/\/atelierdubourg.fr\/adb\/wp-json\/wp\/v2\/types\/product"}],"wp:featuredmedia":[{"embeddable":true,"href":"https:\/\/atelierdubourg.fr\/adb\/wp-json\/wp\/v2\/media\/4391"}],"wp:attachment":[{"href":"https:\/\/atelierdubourg.fr\/adb\/wp-json\/wp\/v2\/media?parent=4389"}],"wp:term":[{"taxonomy":"product_cat","embeddable":true,"href":"https:\/\/atelierdubourg.fr\/adb\/wp-json\/wp\/v2\/product_cat?post=4389"},{"taxonomy":"product_tag","embeddable":true,"href":"https:\/\/atelierdubourg.fr\/adb\/wp-json\/wp\/v2\/product_tag?post=4389"}],"curies":[{"name":"wp","href":"https:\/\/api.w.org\/{rel}","templated":true}]}}