{"id":4543,"date":"2024-02-29T17:17:34","date_gmt":"2024-02-29T16:17:34","guid":{"rendered":"https:\/\/atelierdubourg.fr\/adb\/?post_type=product&#038;p=4543"},"modified":"2024-11-16T18:42:56","modified_gmt":"2024-11-16T17:42:56","slug":"comete-tome-ii-atlas-de-poche-bleu","status":"publish","type":"product","link":"https:\/\/atelierdubourg.fr\/adb\/produit\/comete-tome-ii-atlas-de-poche-bleu\/","title":{"rendered":"Com\u00e8te \u2022 Tome II     atlas de poche . bleu"},"content":{"rendered":"<p>\u00c9dition <em>Com\u00e8te \u2022 Tome II<\/em><br \/>\ncollection atlas de poche \u2013 bleu<br \/>\n\u2013<br \/>\n72 pages . texte et image<br \/>\nFormat 15*20 cm<br \/>\nLivre imprim\u00e9 en s\u00e9rigraphie 4 couleurs \u2013 quadrichromie classique (cyan, magenta, jaune, noir) pour les images et impression laser noir pour le texte.<br \/>\nImprim\u00e9 au March\u00e9 Noir en ao\u00fbt 2023<\/p>\n<p>ouvrage imprim\u00e9 \u00e0 30 exemplaires <span style=\"font-size: 10pt;\">\u2013 disponible avec la couverture bleue imprim\u00e9e en blanc ou en bleu \u2013<\/span><\/p>\n<p>\u2013<br \/>\nPar Anna Boulanger<\/p>\n","protected":false},"excerpt":{"rendered":"<p>\u00c9dition Com\u00e8te \u2022 Tome II collection atlas de poche \u2013 bleu \u2013 72 pages . texte et image Format 15*20 cm Livre imprim\u00e9 en s\u00e9rigraphie 4 couleurs \u2013 quadrichromie classique (cyan, magenta, jaune, noir) pour les images et impression laser noir pour le texte. Imprim\u00e9 au March\u00e9 Noir en ao\u00fbt 2023 ouvrage imprim\u00e9 \u00e0 30&hellip;<\/p>\n","protected":false},"featured_media":4544,"template":"","meta":{"jetpack_post_was_ever_published":false,"jetpack_publicize_message":"","jetpack_is_tweetstorm":false,"jetpack_publicize_feature_enabled":true,"jetpack_social_post_already_shared":true,"jetpack_social_options":{"image_generator_settings":{"template":"highway","enabled":false}}},"product_cat":[82,36],"product_tag":[],"supplier_id":null,"supplier_sku":"","barcode":null,"atum_controlled":true,"out_stock_date":null,"out_stock_threshold":null,"inheritable":false,"inbound_stock":0,"stock_on_hold":0,"sold_today":0,"sales_last_days":0,"reserved_stock":0,"customer_returns":0,"warehouse_damage":0,"lost_in_post":0,"other_logs":0,"out_stock_days":0,"lost_sales":0,"has_location":false,"update_date":"2026-05-07T00:46:08","atum_locations":[],"atum_stock_status":"instock","restock_status":false,"low_stock_amount":2,"sales_update_date":"2026-05-07T00:46:08","calc_backorders":null,"jetpack_publicize_connections":[],"acf":[],"yoast_head":"<!-- This site is optimized with the Yoast SEO plugin v20.6 - https:\/\/yoast.com\/wordpress\/plugins\/seo\/ -->\n<title>Com\u00e8te \u2022 Tome II   atlas de poche . bleu - L&#039;Atelier du Bourg<\/title>\n<meta name=\"robots\" content=\"index, follow, max-snippet:-1, max-image-preview:large, max-video-preview:-1\" \/>\n<link rel=\"canonical\" href=\"https:\/\/atelierdubourg.fr\/adb\/produit\/comete-tome-ii-atlas-de-poche-bleu\/\" \/>\n<meta property=\"og:locale\" content=\"fr_FR\" \/>\n<meta property=\"og:type\" content=\"article\" \/>\n<meta property=\"og:title\" content=\"Com\u00e8te \u2022 Tome II   atlas de poche . bleu - L&#039;Atelier du Bourg\" \/>\n<meta property=\"og:description\" content=\"\u00c9dition Com\u00e8te \u2022 Tome II collection atlas de poche \u2013 bleu \u2013 72 pages . texte et image Format 15*20 cm Livre imprim\u00e9 en s\u00e9rigraphie 4 couleurs \u2013 quadrichromie classique (cyan, magenta, jaune, noir) pour les images et impression laser noir pour le texte. Imprim\u00e9 au March\u00e9 Noir en ao\u00fbt 2023 ouvrage imprim\u00e9 \u00e0 30&hellip;\" \/>\n<meta property=\"og:url\" content=\"https:\/\/atelierdubourg.fr\/adb\/produit\/comete-tome-ii-atlas-de-poche-bleu\/\" \/>\n<meta property=\"og:site_name\" content=\"L&#039;Atelier du Bourg\" \/>\n<meta property=\"article:modified_time\" content=\"2024-11-16T17:42:56+00:00\" \/>\n<meta property=\"og:image\" content=\"https:\/\/atelierdubourg.fr\/adb\/wp-content\/uploads\/2024\/11\/20230831_104952-rotated.jpg\" \/>\n\t<meta property=\"og:image:width\" content=\"1530\" \/>\n\t<meta property=\"og:image:height\" content=\"2040\" \/>\n\t<meta property=\"og:image:type\" content=\"image\/jpeg\" \/>\n<meta name=\"twitter:card\" content=\"summary_large_image\" \/>\n<meta name=\"twitter:label1\" content=\"Dur\u00e9e de lecture estim\u00e9e\" \/>\n\t<meta name=\"twitter:data1\" content=\"1 minute\" \/>\n<script type=\"application\/ld+json\" class=\"yoast-schema-graph\">{\"@context\":\"https:\/\/schema.org\",\"@graph\":[{\"@type\":\"WebPage\",\"@id\":\"https:\/\/atelierdubourg.fr\/adb\/produit\/comete-tome-ii-atlas-de-poche-bleu\/\",\"url\":\"https:\/\/atelierdubourg.fr\/adb\/produit\/comete-tome-ii-atlas-de-poche-bleu\/\",\"name\":\"Com\u00e8te \u2022 Tome II atlas de poche . bleu - L&#039;Atelier du Bourg\",\"isPartOf\":{\"@id\":\"https:\/\/atelierdubourg.fr\/adb\/#website\"},\"datePublished\":\"2024-02-29T16:17:34+00:00\",\"dateModified\":\"2024-11-16T17:42:56+00:00\",\"breadcrumb\":{\"@id\":\"https:\/\/atelierdubourg.fr\/adb\/produit\/comete-tome-ii-atlas-de-poche-bleu\/#breadcrumb\"},\"inLanguage\":\"fr-FR\",\"potentialAction\":[{\"@type\":\"ReadAction\",\"target\":[\"https:\/\/atelierdubourg.fr\/adb\/produit\/comete-tome-ii-atlas-de-poche-bleu\/\"]}]},{\"@type\":\"BreadcrumbList\",\"@id\":\"https:\/\/atelierdubourg.fr\/adb\/produit\/comete-tome-ii-atlas-de-poche-bleu\/#breadcrumb\",\"itemListElement\":[{\"@type\":\"ListItem\",\"position\":1,\"name\":\"Accueil\",\"item\":\"https:\/\/atelierdubourg.fr\/adb\/\"},{\"@type\":\"ListItem\",\"position\":2,\"name\":\"\u00c9ditions d&rsquo;artiste\",\"item\":\"https:\/\/atelierdubourg.fr\/adb\/boutique\/\"},{\"@type\":\"ListItem\",\"position\":3,\"name\":\"Com\u00e8te \u2022 Tome II atlas de poche . bleu\"}]},{\"@type\":\"WebSite\",\"@id\":\"https:\/\/atelierdubourg.fr\/adb\/#website\",\"url\":\"https:\/\/atelierdubourg.fr\/adb\/\",\"name\":\"L&#039;Atelier du Bourg\",\"description\":\"l&#039;Atelier du Bourg\",\"potentialAction\":[{\"@type\":\"SearchAction\",\"target\":{\"@type\":\"EntryPoint\",\"urlTemplate\":\"https:\/\/atelierdubourg.fr\/adb\/?s={search_term_string}\"},\"query-input\":\"required name=search_term_string\"}],\"inLanguage\":\"fr-FR\"}]}<\/script>\n<!-- \/ Yoast SEO plugin. -->","yoast_head_json":{"title":"Com\u00e8te \u2022 Tome II   atlas de poche . bleu - L&#039;Atelier du Bourg","robots":{"index":"index","follow":"follow","max-snippet":"max-snippet:-1","max-image-preview":"max-image-preview:large","max-video-preview":"max-video-preview:-1"},"canonical":"https:\/\/atelierdubourg.fr\/adb\/produit\/comete-tome-ii-atlas-de-poche-bleu\/","og_locale":"fr_FR","og_type":"article","og_title":"Com\u00e8te \u2022 Tome II   atlas de poche . bleu - L&#039;Atelier du Bourg","og_description":"\u00c9dition Com\u00e8te \u2022 Tome II collection atlas de poche \u2013 bleu \u2013 72 pages . texte et image Format 15*20 cm Livre imprim\u00e9 en s\u00e9rigraphie 4 couleurs \u2013 quadrichromie classique (cyan, magenta, jaune, noir) pour les images et impression laser noir pour le texte. Imprim\u00e9 au March\u00e9 Noir en ao\u00fbt 2023 ouvrage imprim\u00e9 \u00e0 30&hellip;","og_url":"https:\/\/atelierdubourg.fr\/adb\/produit\/comete-tome-ii-atlas-de-poche-bleu\/","og_site_name":"L&#039;Atelier du Bourg","article_modified_time":"2024-11-16T17:42:56+00:00","og_image":[{"width":1530,"height":2040,"url":"https:\/\/atelierdubourg.fr\/adb\/wp-content\/uploads\/2024\/11\/20230831_104952-rotated.jpg","type":"image\/jpeg"}],"twitter_card":"summary_large_image","twitter_misc":{"Dur\u00e9e de lecture estim\u00e9e":"1 minute"},"schema":{"@context":"https:\/\/schema.org","@graph":[{"@type":"WebPage","@id":"https:\/\/atelierdubourg.fr\/adb\/produit\/comete-tome-ii-atlas-de-poche-bleu\/","url":"https:\/\/atelierdubourg.fr\/adb\/produit\/comete-tome-ii-atlas-de-poche-bleu\/","name":"Com\u00e8te \u2022 Tome II atlas de poche . bleu - L&#039;Atelier du Bourg","isPartOf":{"@id":"https:\/\/atelierdubourg.fr\/adb\/#website"},"datePublished":"2024-02-29T16:17:34+00:00","dateModified":"2024-11-16T17:42:56+00:00","breadcrumb":{"@id":"https:\/\/atelierdubourg.fr\/adb\/produit\/comete-tome-ii-atlas-de-poche-bleu\/#breadcrumb"},"inLanguage":"fr-FR","potentialAction":[{"@type":"ReadAction","target":["https:\/\/atelierdubourg.fr\/adb\/produit\/comete-tome-ii-atlas-de-poche-bleu\/"]}]},{"@type":"BreadcrumbList","@id":"https:\/\/atelierdubourg.fr\/adb\/produit\/comete-tome-ii-atlas-de-poche-bleu\/#breadcrumb","itemListElement":[{"@type":"ListItem","position":1,"name":"Accueil","item":"https:\/\/atelierdubourg.fr\/adb\/"},{"@type":"ListItem","position":2,"name":"\u00c9ditions d&rsquo;artiste","item":"https:\/\/atelierdubourg.fr\/adb\/boutique\/"},{"@type":"ListItem","position":3,"name":"Com\u00e8te \u2022 Tome II atlas de poche . bleu"}]},{"@type":"WebSite","@id":"https:\/\/atelierdubourg.fr\/adb\/#website","url":"https:\/\/atelierdubourg.fr\/adb\/","name":"L&#039;Atelier du Bourg","description":"l&#039;Atelier du Bourg","potentialAction":[{"@type":"SearchAction","target":{"@type":"EntryPoint","urlTemplate":"https:\/\/atelierdubourg.fr\/adb\/?s={search_term_string}"},"query-input":"required name=search_term_string"}],"inLanguage":"fr-FR"}]}},"jetpack_sharing_enabled":true,"_links":{"self":[{"href":"https:\/\/atelierdubourg.fr\/adb\/wp-json\/wp\/v2\/product\/4543"}],"collection":[{"href":"https:\/\/atelierdubourg.fr\/adb\/wp-json\/wp\/v2\/product"}],"about":[{"href":"https:\/\/atelierdubourg.fr\/adb\/wp-json\/wp\/v2\/types\/product"}],"wp:featuredmedia":[{"embeddable":true,"href":"https:\/\/atelierdubourg.fr\/adb\/wp-json\/wp\/v2\/media\/4544"}],"wp:attachment":[{"href":"https:\/\/atelierdubourg.fr\/adb\/wp-json\/wp\/v2\/media?parent=4543"}],"wp:term":[{"taxonomy":"product_cat","embeddable":true,"href":"https:\/\/atelierdubourg.fr\/adb\/wp-json\/wp\/v2\/product_cat?post=4543"},{"taxonomy":"product_tag","embeddable":true,"href":"https:\/\/atelierdubourg.fr\/adb\/wp-json\/wp\/v2\/product_tag?post=4543"}],"curies":[{"name":"wp","href":"https:\/\/api.w.org\/{rel}","templated":true}]}}